{"id":15,"date":"2019-11-26T12:48:36","date_gmt":"2019-11-26T11:48:36","guid":{"rendered":"https:\/\/escuelainfantilarandadeduero.es\/allendeduero\/testw2019\/?page_id=15"},"modified":"2026-02-19T19:07:05","modified_gmt":"2026-02-19T18:07:05","slug":"escuela","status":"publish","type":"page","link":"https:\/\/escuelainfantilarandadeduero.es\/allendeduero\/escuela\/","title":{"rendered":"La escuela"},"content":{"rendered":"<p>\n<section id=\"instalaciones\" class=\"seccion\">\n<div class=\"contenedor\">\n<div class=\"fila columnas-altura\">\n\t\n<div class=\"col\">\n<div class=\"columna\"><p style=\"text-align: left;\">La Escuela Municipal de Educaci\u00f3n Infantil es un centro educativo de titularidad del Ayuntamiento de Aranda de Duero que inici\u00f3 su actividad en Agosto de 2009 <br \/>y actualmente es gestionada por <strong>Koala Soluciones Educativas<\/strong>. El centro tiene una \u00fanica ense\u00f1anza autorizada en Educaci\u00f3n Infantil de Primer Ciclo con el c\u00f3digo 09012400. Adem\u00e1s la Escuela est\u00e1 inscrita en el registro de Centros Infantiles para la conciliaci\u00f3n de la vida familiar y laboral de Castilla y Le\u00f3n con el n\u00famero CI\/745<\/p>\n<div class=\"encabezado \">\n<div class=\"encabezado-titulo\"><h2><span style=\"color: #d7377d;\">Instalaciones<\/span><\/h2><\/div><\/div><p style=\"text-align: left;\">La Escuela de Primer Ciclo de infantil (0-3 a\u00f1os) cuenta con cuatro unidades, con la siguiente distribuci\u00f3n en base a sus instalaciones:<\/p>\n\t<div class=\"separador-espacio\" style=\"padding-top: 30px;\"><\/div>\n<\/div>\n<\/div><\/div>\n\n<div class=\"fila columnas-altura\">\n\t\n<div class=\"col ancho-33\">\n<div class=\"columna\"><h4 style=\"text-align: left; margin-bottom: 0;\">UNIDAD 1<\/h4><ul class=\"lista lista-peq\">\n<li>1 Aula para alumnado de 0 a 1 a\u00f1os con 8 plazas<\/li>\n<\/ul>\n\n\t<div class=\"separador-espacio\" style=\"padding-top: 10px;\"><\/div>\n<h4 style=\"text-align: left; margin-bottom: 0;\">UNIDAD 2<\/h4><ul class=\"lista lista-peq\">\n<li>1 Aula para alumnado de 0 a 2 a\u00f1os con 13 plazas<\/li>\n<\/ul>\n\n\t<div class=\"separador-espacio\" style=\"padding-top: 10px;\"><\/div>\n<h4 style=\"text-align: left; margin-bottom: 0;\">UNIDAD 3<\/h4><ul class=\"lista lista-peq\">\n<li>1 Aula para alumnado de 1 a 3 a\u00f1os con 13 plazas<\/li>\n<\/ul>\n\n\t<div class=\"separador-espacio\" style=\"padding-top: 10px;\"><\/div>\n<h4 style=\"text-align: left; margin-bottom: 0;\">UNIDAD 4<\/h4><ul class=\"lista lista-peq\">\n<li>1 Aula para alumnado de 2 a 3 a\u00f1os con 20 plazas<\/li>\n<\/ul>\n\n\t<div class=\"separador-espacio\" style=\"padding-top: 10px;\"><\/div>\n<p style=\"margin-top: 10px; margin-bottom: 0;\"><strong>Adem\u00e1s podemos encontrarnos:<\/strong><\/p><ul class=\"lista lista-peq\">\n<li>Cocina y despensa<\/li>\n<li>Cuarto de limpieza y lavander\u00eda<\/li>\n<li>Sala de usos m\u00faltiples<\/li>\n<li>Amplio patio exterior provisto de zona de juego y jard\u00edn.<\/li>\n<li>Salas de secretar\u00eda y profesorado.<\/li>\n<li>Otras zonas para uso de trabajadores: vestuarios, aseo, almacenes de material educativo en cada aula<\/li>\n<\/ul>\n<\/div>\n<\/div>\n<div class=\"col ancho-66 galeria-laescuela\">\n<div class=\"columna\"><div class=\"precarga\">\n<div class=\"galeria galeria-69f6df4fec2e1\">\n<ul>\n   \n<li>\n<a href=\"\/\/escuelainfantilarandadeduero.es\/allendeduero\/wp-content\/uploads\/2021\/01\/Infantil-Allendeduero-exterior-C.jpg\" rel=\"shadowbox[galeria-69f6df4fec2e1]\" ><img decoding=\"async\" src=\"\/\/escuelainfantilarandadeduero.es\/allendeduero\/wp-content\/uploads\/2021\/01\/Infantil-Allendeduero-exterior-C.jpg\" alt=\"\" \/><\/a><\/li>\n   \n<li>\n<a href=\"\/\/escuelainfantilarandadeduero.es\/allendeduero\/wp-content\/uploads\/2021\/01\/Infantil-Allendeduero-exterior-B.jpg\" rel=\"shadowbox[galeria-69f6df4fec2e1]\" ><img decoding=\"async\" src=\"\/\/escuelainfantilarandadeduero.es\/allendeduero\/wp-content\/uploads\/2021\/01\/Infantil-Allendeduero-exterior-B.jpg\" alt=\"\" \/><\/a><\/li>\n   \n<li>\n<a href=\"\/\/escuelainfantilarandadeduero.es\/allendeduero\/wp-content\/uploads\/2021\/01\/Infantil-Allendeduero-exterior-A.jpg\" rel=\"shadowbox[galeria-69f6df4fec2e1]\" ><img decoding=\"async\" src=\"\/\/escuelainfantilarandadeduero.es\/allendeduero\/wp-content\/uploads\/2021\/01\/Infantil-Allendeduero-exterior-A.jpg\" alt=\"\" \/><\/a><\/li>\n   \n<li>\n<a href=\"\/\/escuelainfantilarandadeduero.es\/allendeduero\/wp-content\/uploads\/2021\/01\/Infantil-Allendeduero-sala-entrada-A.jpg\" rel=\"shadowbox[galeria-69f6df4fec2e1]\" ><img decoding=\"async\" src=\"\/\/escuelainfantilarandadeduero.es\/allendeduero\/wp-content\/uploads\/2021\/01\/Infantil-Allendeduero-sala-entrada-A.jpg\" alt=\"\" \/><\/a><\/li>\n   \n<li>\n<a href=\"\/\/escuelainfantilarandadeduero.es\/allendeduero\/wp-content\/uploads\/2021\/01\/Infantil-Allendeduero-sala-entrada-B.jpg\" rel=\"shadowbox[galeria-69f6df4fec2e1]\" ><img decoding=\"async\" src=\"\/\/escuelainfantilarandadeduero.es\/allendeduero\/wp-content\/uploads\/2021\/01\/Infantil-Allendeduero-sala-entrada-B.jpg\" alt=\"\" \/><\/a><\/li>\n   \n<li>\n<a href=\"\/\/escuelainfantilarandadeduero.es\/allendeduero\/wp-content\/uploads\/2021\/01\/Infantil-Allendeduero-sala-leones-A.jpg\" rel=\"shadowbox[galeria-69f6df4fec2e1]\" ><img decoding=\"async\" src=\"\/\/escuelainfantilarandadeduero.es\/allendeduero\/wp-content\/uploads\/2021\/01\/Infantil-Allendeduero-sala-leones-A.jpg\" alt=\"\" \/><\/a><\/li>\n   \n<li>\n<a href=\"\/\/escuelainfantilarandadeduero.es\/allendeduero\/wp-content\/uploads\/2021\/01\/Infantil-Allendeduero-sala-leones-C.jpg\" rel=\"shadowbox[galeria-69f6df4fec2e1]\" ><img decoding=\"async\" src=\"\/\/escuelainfantilarandadeduero.es\/allendeduero\/wp-content\/uploads\/2021\/01\/Infantil-Allendeduero-sala-leones-C.jpg\" alt=\"\" \/><\/a><\/li>\n   \n<li>\n<a href=\"\/\/escuelainfantilarandadeduero.es\/allendeduero\/wp-content\/uploads\/2021\/01\/Infantil-Allendeduero-sala-leones-E.jpg\" rel=\"shadowbox[galeria-69f6df4fec2e1]\" ><img decoding=\"async\" src=\"\/\/escuelainfantilarandadeduero.es\/allendeduero\/wp-content\/uploads\/2021\/01\/Infantil-Allendeduero-sala-leones-E.jpg\" alt=\"\" \/><\/a><\/li>\n   \n<li>\n<a href=\"\/\/escuelainfantilarandadeduero.es\/allendeduero\/wp-content\/uploads\/2021\/01\/Infantil-Allendeduero-sala-leones-G.jpg\" rel=\"shadowbox[galeria-69f6df4fec2e1]\" ><img decoding=\"async\" src=\"\/\/escuelainfantilarandadeduero.es\/allendeduero\/wp-content\/uploads\/2021\/01\/Infantil-Allendeduero-sala-leones-G.jpg\" alt=\"\" \/><\/a><\/li>\n   \n<li>\n<a href=\"\/\/escuelainfantilarandadeduero.es\/allendeduero\/wp-content\/uploads\/2021\/01\/Infantil-Allendeduero-sala-leones-H.jpg\" rel=\"shadowbox[galeria-69f6df4fec2e1]\" ><img decoding=\"async\" src=\"\/\/escuelainfantilarandadeduero.es\/allendeduero\/wp-content\/uploads\/2021\/01\/Infantil-Allendeduero-sala-leones-H.jpg\" alt=\"\" \/><\/a><\/li>\n   \n<li>\n<a href=\"\/\/escuelainfantilarandadeduero.es\/allendeduero\/wp-content\/uploads\/2021\/01\/Infantil-Allendeduero-sala-jirafas-A.jpg\" rel=\"shadowbox[galeria-69f6df4fec2e1]\" ><img decoding=\"async\" src=\"\/\/escuelainfantilarandadeduero.es\/allendeduero\/wp-content\/uploads\/2021\/01\/Infantil-Allendeduero-sala-jirafas-A.jpg\" alt=\"\" \/><\/a><\/li>\n   \n<li>\n<a href=\"\/\/escuelainfantilarandadeduero.es\/allendeduero\/wp-content\/uploads\/2021\/01\/Infantil-Allendeduero-sala-jirafas-B.jpg\" rel=\"shadowbox[galeria-69f6df4fec2e1]\" ><img decoding=\"async\" src=\"\/\/escuelainfantilarandadeduero.es\/allendeduero\/wp-content\/uploads\/2021\/01\/Infantil-Allendeduero-sala-jirafas-B.jpg\" alt=\"\" \/><\/a><\/li>\n   \n<li>\n<a href=\"\/\/escuelainfantilarandadeduero.es\/allendeduero\/wp-content\/uploads\/2021\/01\/Infantil-Allendeduero-sala-jirafas-C.jpg\" rel=\"shadowbox[galeria-69f6df4fec2e1]\" ><img decoding=\"async\" src=\"\/\/escuelainfantilarandadeduero.es\/allendeduero\/wp-content\/uploads\/2021\/01\/Infantil-Allendeduero-sala-jirafas-C.jpg\" alt=\"\" \/><\/a><\/li>\n   \n<li>\n<a href=\"\/\/escuelainfantilarandadeduero.es\/allendeduero\/wp-content\/uploads\/2021\/01\/Infantil-Allendeduero-sala-jirafas-D.jpg\" rel=\"shadowbox[galeria-69f6df4fec2e1]\" ><img decoding=\"async\" src=\"\/\/escuelainfantilarandadeduero.es\/allendeduero\/wp-content\/uploads\/2021\/01\/Infantil-Allendeduero-sala-jirafas-D.jpg\" alt=\"\" \/><\/a><\/li>\n   \n<li>\n<a href=\"\/\/escuelainfantilarandadeduero.es\/allendeduero\/wp-content\/uploads\/2021\/01\/Infantil-Allendeduero-sala-jirafas-E.jpg\" rel=\"shadowbox[galeria-69f6df4fec2e1]\" ><img decoding=\"async\" src=\"\/\/escuelainfantilarandadeduero.es\/allendeduero\/wp-content\/uploads\/2021\/01\/Infantil-Allendeduero-sala-jirafas-E.jpg\" alt=\"\" \/><\/a><\/li>\n   \n<li>\n<a href=\"\/\/escuelainfantilarandadeduero.es\/allendeduero\/wp-content\/uploads\/2021\/01\/Infantil-Allendeduero-sala-jirafas-F.jpg\" rel=\"shadowbox[galeria-69f6df4fec2e1]\" ><img decoding=\"async\" src=\"\/\/escuelainfantilarandadeduero.es\/allendeduero\/wp-content\/uploads\/2021\/01\/Infantil-Allendeduero-sala-jirafas-F.jpg\" alt=\"\" \/><\/a><\/li>\n   \n<li>\n<a href=\"\/\/escuelainfantilarandadeduero.es\/allendeduero\/wp-content\/uploads\/2021\/01\/Infantil-Allendeduero-sala-jirafas-G.jpg\" rel=\"shadowbox[galeria-69f6df4fec2e1]\" ><img decoding=\"async\" src=\"\/\/escuelainfantilarandadeduero.es\/allendeduero\/wp-content\/uploads\/2021\/01\/Infantil-Allendeduero-sala-jirafas-G.jpg\" alt=\"\" \/><\/a><\/li>\n   \n<li>\n<a href=\"\/\/escuelainfantilarandadeduero.es\/allendeduero\/wp-content\/uploads\/2021\/01\/Infantil-Allendeduero-sala-elefantes-A.jpg\" rel=\"shadowbox[galeria-69f6df4fec2e1]\" ><img decoding=\"async\" src=\"\/\/escuelainfantilarandadeduero.es\/allendeduero\/wp-content\/uploads\/2021\/01\/Infantil-Allendeduero-sala-elefantes-A.jpg\" alt=\"\" \/><\/a><\/li>\n   \n<li>\n<a href=\"\/\/escuelainfantilarandadeduero.es\/allendeduero\/wp-content\/uploads\/2021\/01\/Infantil-Allendeduero-sala-elefantes-C.jpg\" rel=\"shadowbox[galeria-69f6df4fec2e1]\" ><img decoding=\"async\" src=\"\/\/escuelainfantilarandadeduero.es\/allendeduero\/wp-content\/uploads\/2021\/01\/Infantil-Allendeduero-sala-elefantes-C.jpg\" alt=\"\" \/><\/a><\/li>\n   \n<li>\n<a href=\"\/\/escuelainfantilarandadeduero.es\/allendeduero\/wp-content\/uploads\/2021\/01\/Infantil-Allendeduero-sala-elefantes-D.jpg\" rel=\"shadowbox[galeria-69f6df4fec2e1]\" ><img decoding=\"async\" src=\"\/\/escuelainfantilarandadeduero.es\/allendeduero\/wp-content\/uploads\/2021\/01\/Infantil-Allendeduero-sala-elefantes-D.jpg\" alt=\"\" \/><\/a><\/li>\n   \n<li>\n<a href=\"\/\/escuelainfantilarandadeduero.es\/allendeduero\/wp-content\/uploads\/2021\/01\/Infantil-Allendeduero-sala-elefantes-E.jpg\" rel=\"shadowbox[galeria-69f6df4fec2e1]\" ><img decoding=\"async\" src=\"\/\/escuelainfantilarandadeduero.es\/allendeduero\/wp-content\/uploads\/2021\/01\/Infantil-Allendeduero-sala-elefantes-E.jpg\" alt=\"\" \/><\/a><\/li>\n   \n<li>\n<a href=\"\/\/escuelainfantilarandadeduero.es\/allendeduero\/wp-content\/uploads\/2021\/01\/Infantil-Allendeduero-sala-elefantes-F.jpg\" rel=\"shadowbox[galeria-69f6df4fec2e1]\" ><img decoding=\"async\" src=\"\/\/escuelainfantilarandadeduero.es\/allendeduero\/wp-content\/uploads\/2021\/01\/Infantil-Allendeduero-sala-elefantes-F.jpg\" alt=\"\" \/><\/a><\/li>\n   \n<li>\n<a href=\"\/\/escuelainfantilarandadeduero.es\/allendeduero\/wp-content\/uploads\/2021\/01\/Infantil-Allendeduero-sala-peces-A.jpg\" rel=\"shadowbox[galeria-69f6df4fec2e1]\" ><img decoding=\"async\" src=\"\/\/escuelainfantilarandadeduero.es\/allendeduero\/wp-content\/uploads\/2021\/01\/Infantil-Allendeduero-sala-peces-A.jpg\" alt=\"\" \/><\/a><\/li>\n   \n<li>\n<a href=\"\/\/escuelainfantilarandadeduero.es\/allendeduero\/wp-content\/uploads\/2021\/01\/Infantil-Allendeduero-sala-peces-C.jpg\" rel=\"shadowbox[galeria-69f6df4fec2e1]\" ><img decoding=\"async\" src=\"\/\/escuelainfantilarandadeduero.es\/allendeduero\/wp-content\/uploads\/2021\/01\/Infantil-Allendeduero-sala-peces-C.jpg\" alt=\"\" \/><\/a><\/li>\n   \n<li>\n<a href=\"\/\/escuelainfantilarandadeduero.es\/allendeduero\/wp-content\/uploads\/2021\/01\/Infantil-Allendeduero-sala-peces-D.jpg\" rel=\"shadowbox[galeria-69f6df4fec2e1]\" ><img decoding=\"async\" src=\"\/\/escuelainfantilarandadeduero.es\/allendeduero\/wp-content\/uploads\/2021\/01\/Infantil-Allendeduero-sala-peces-D.jpg\" alt=\"\" \/><\/a><\/li>\n   \n<li>\n<a href=\"\/\/escuelainfantilarandadeduero.es\/allendeduero\/wp-content\/uploads\/2021\/01\/Infantil-Allendeduero-sala-peces-E.jpg\" rel=\"shadowbox[galeria-69f6df4fec2e1]\" ><img decoding=\"async\" src=\"\/\/escuelainfantilarandadeduero.es\/allendeduero\/wp-content\/uploads\/2021\/01\/Infantil-Allendeduero-sala-peces-E.jpg\" alt=\"\" \/><\/a><\/li>\n   \n<li>\n<a href=\"\/\/escuelainfantilarandadeduero.es\/allendeduero\/wp-content\/uploads\/2021\/01\/Infantil-Allendeduero-comedor-A.jpg\" rel=\"shadowbox[galeria-69f6df4fec2e1]\" ><img decoding=\"async\" src=\"\/\/escuelainfantilarandadeduero.es\/allendeduero\/wp-content\/uploads\/2021\/01\/Infantil-Allendeduero-comedor-A.jpg\" alt=\"\" \/><\/a><\/li>\n   \n<li>\n<a href=\"\/\/escuelainfantilarandadeduero.es\/allendeduero\/wp-content\/uploads\/2021\/01\/Infantil-Allendeduero-comedor-C.jpg\" rel=\"shadowbox[galeria-69f6df4fec2e1]\" ><img decoding=\"async\" src=\"\/\/escuelainfantilarandadeduero.es\/allendeduero\/wp-content\/uploads\/2021\/01\/Infantil-Allendeduero-comedor-C.jpg\" alt=\"\" \/><\/a><\/li>\n   \n<li>\n<a href=\"\/\/escuelainfantilarandadeduero.es\/allendeduero\/wp-content\/uploads\/2021\/01\/Infantil-Allendeduero-cocina.jpg\" rel=\"shadowbox[galeria-69f6df4fec2e1]\" ><img decoding=\"async\" src=\"\/\/escuelainfantilarandadeduero.es\/allendeduero\/wp-content\/uploads\/2021\/01\/Infantil-Allendeduero-cocina.jpg\" alt=\"\" \/><\/a><\/li>\n   \n<li>\n<a href=\"\/\/escuelainfantilarandadeduero.es\/allendeduero\/wp-content\/uploads\/2021\/01\/Infantil-Allendeduero-ban\u0303o.jpg\" rel=\"shadowbox[galeria-69f6df4fec2e1]\" ><img decoding=\"async\" src=\"\/\/escuelainfantilarandadeduero.es\/allendeduero\/wp-content\/uploads\/2021\/01\/Infantil-Allendeduero-ban\u0303o.jpg\" alt=\"\" \/><\/a><\/li>\n<\/ul>\n<\/div>\n<\/div><\/div>\n<\/div><\/div>\n\n<\/div>\n<\/section>\n<section  class=\"seccion negativo\" style=\"background-color:#1ea09c;background-image:url(https:\/\/escuelainfantilarandadeduero.es\/allendeduero\/wp-content\/uploads\/2019\/12\/fd-destacado-escuela.jpg);\">\n<div class=\"contenedor\">\n<div class=\"fila columnas-altura\">\n\t\n<div class=\"col\">\n<div class=\"columna\"><h4 style=\"text-align: center;\"><strong>Todas las aulas contienen mobiliario y material adaptado y seguro cumpliendo la normativa establecida a tal fin.<\/strong><\/h4><\/div>\n<\/div><\/div>\n\n<\/div>\n<\/section>\n<section id=\"certificaciones\" class=\"seccion\">\n<div class=\"contenedor\">\n<div class=\"fila columnas-altura\">\n\t\n<div class=\"col text-ctr\">\n<div class=\"columna\">\n<div class=\"encabezado  encabezado-centrado\">\n<div class=\"encabezado-titulo\"><h2>Certificaciones<\/h2><\/div><\/div>\n\t<div class=\"separador-espacio\" style=\"padding-top: 40px;\"><\/div>\n<\/div>\n<\/div><\/div>\n\n<div class=\"fila columnas-altura\">\n\t\n<div class=\"col ancho-50 text-ctr\">\n<div class=\"columna\"><a href=\"https:\/\/escuelainfantilarandadeduero.es\/allendeduero\/certificados\/SPRL-039-16-2006-Koala-Ren-2022.pdf\" target=\"_blank\" ><img loading=\"lazy\" decoding=\"async\" src=\"https:\/\/escuelainfantilarandadeduero.es\/allendeduero\/wp-content\/uploads\/2021\/10\/iso-45001-180x75.png\" alt=\"iso-45001\" width=\"180\" height=\"75\" \/><\/a>\n\t<div class=\"separador-espacio\" style=\"padding-top: 10px;\"><\/div>\n<p style=\"text-align: center;\"><strong>ISO 45001<\/strong><\/p><\/div>\n<\/div>\n<div class=\"col ancho-50 text-ctr\">\n<div class=\"columna\"><a href=\"https:\/\/escuelainfantilarandadeduero.es\/allendeduero\/certificados\/DE-certificado-alergy-protection-koala-escuela-allendeduero-D22.pdf\" target=\"_blank\" ><img loading=\"lazy\" decoding=\"async\" src=\"https:\/\/escuelainfantilarandadeduero.es\/allendeduero\/wp-content\/uploads\/2022\/03\/atx-allergy-protection-90x90.png\" alt=\"https:\/\/escuelainfantilarandadeduero.es\/allendeduero\/wp-content\/uploads\/2022\/03\/atx-allergy-protection-90x90.png\" width=\"90\" height=\"90\" \/><\/a>\n\t<div class=\"separador-espacio\" style=\"padding-top: 10px;\"><\/div>\n<p style=\"text-align: center;\"><strong>ATX Allergy Protection<\/strong><\/p><\/div>\n<\/div><\/div>\n\n<\/div>\n<\/section><\/p>\n","protected":false},"excerpt":{"rendered":"<p>La Escuela Municipal de Educaci\u00f3n Infantil es un centro educativo de titularidad del Ayuntamiento de Aranda de Duero que inici\u00f3 su actividad en Agosto de 2009 y actualmente es gestionada &#8230; <a class=\"mas\" href=\"https:\/\/escuelainfantilarandadeduero.es\/allendeduero\/escuela\/\"><strong>M\u00c1S<\/strong><\/a><\/p>\n","protected":false},"author":1,"featured_media":1264,"parent":0,"menu_order":3,"comment_status":"closed","ping_status":"closed","template":"","meta":{"footnotes":""},"class_list":["post-15","page","type-page","status-publish","has-post-thumbnail","hentry"],"_links":{"self":[{"href":"https:\/\/escuelainfantilarandadeduero.es\/allendeduero\/wp-json\/wp\/v2\/pages\/15","targetHints":{"allow":["GET"]}}],"collection":[{"href":"https:\/\/escuelainfantilarandadeduero.es\/allendeduero\/wp-json\/wp\/v2\/pages"}],"about":[{"href":"https:\/\/escuelainfantilarandadeduero.es\/allendeduero\/wp-json\/wp\/v2\/types\/page"}],"author":[{"embeddable":true,"href":"https:\/\/escuelainfantilarandadeduero.es\/allendeduero\/wp-json\/wp\/v2\/users\/1"}],"replies":[{"embeddable":true,"href":"https:\/\/escuelainfantilarandadeduero.es\/allendeduero\/wp-json\/wp\/v2\/comments?post=15"}],"version-history":[{"count":87,"href":"https:\/\/escuelainfantilarandadeduero.es\/allendeduero\/wp-json\/wp\/v2\/pages\/15\/revisions"}],"predecessor-version":[{"id":1899,"href":"https:\/\/escuelainfantilarandadeduero.es\/allendeduero\/wp-json\/wp\/v2\/pages\/15\/revisions\/1899"}],"wp:featuredmedia":[{"embeddable":true,"href":"https:\/\/escuelainfantilarandadeduero.es\/allendeduero\/wp-json\/wp\/v2\/media\/1264"}],"wp:attachment":[{"href":"https:\/\/escuelainfantilarandadeduero.es\/allendeduero\/wp-json\/wp\/v2\/media?parent=15"}],"curies":[{"name":"wp","href":"https:\/\/api.w.org\/{rel}","templated":true}]}}