{"id":22,"date":"2019-11-26T12:49:45","date_gmt":"2019-11-26T11:49:45","guid":{"rendered":"https:\/\/escuelainfantilarandadeduero.es\/allendeduero\/testw2019\/?page_id=22"},"modified":"2022-11-24T17:47:06","modified_gmt":"2022-11-24T16:47:06","slug":"calendario-horario","status":"publish","type":"page","link":"https:\/\/escuelainfantilarandadeduero.es\/allendeduero\/calendario-horario\/","title":{"rendered":"Calendario y horario"},"content":{"rendered":"<p>\n<section  class=\"seccion\">\n<div class=\"contenedor\">\n<div class=\"fila columnas-altura\">\n\t\n<div class=\"col\">\n<div class=\"columna\"><p>La Escuela Infantil Municipal Allendeduero atiende al alumnado los doce meses del a\u00f1o, permaneciendo abierta todos los d\u00edas laborables del a\u00f1o, excepto s\u00e1bados, domingos, festivos (entendi\u00e9ndose por festivos los declarados como tales por la Junta de Castilla y Le\u00f3n en el calendario laboral y los festivos locales) y los d\u00edas 24 y 31 de diciembre. Se considerar\u00e1 el inicio del curso escolar el 1 de septiembre y su finalizaci\u00f3n el 31 de Agosto.<\/p><p>El horario de apertura del centro es de 7:45h a 20:15 h, aunque ning\u00fan menor puede permanecer en el centro educativo m\u00e1s de 8 horas diarias.<\/p><p>El horario de jornada escolar transcurre de 9:00h a 16:00h. Durante los horarios extendidos el Centro permanece abierto con actividad did\u00e1ctica\/l\u00fadica y otras prestaciones como servicio de desayuno y merienda para facilitar la conciliaci\u00f3n familiar-laboral con actividades que refuerzan la autonom\u00eda e independencia en la rutina diaria y cotidiana de los peque\u00f1os.<\/p><div class=\"contenedor-boton\">\n<a href=\"https:\/\/escuelainfantilarandadeduero.es\/allendeduero\/gratuidad-primer-ciclo-educacion-infantil\/\" target=\"_self\" class=\"boton boton-flecha boton-ctr\">\n\t<span>Horario y Calendario escolar gratuidad de plazas Junta de Castilla y Le\u00f3n<\/span>\n<\/a>\n<\/div><\/div>\n<\/div><\/div>\n\n<\/div>\n<\/section>\n<section  class=\"seccion\" style=\"background-color:#f2f6f7;background-image:url(https:\/\/escuelainfantilarandadeduero.es\/allendeduero\/wp-content\/uploads\/2019\/12\/fd-proyecto-educativo.jpg);\">\n<div class=\"contenedor\">\n<div class=\"fila columnas-altura\">\n\t\n<div class=\"col ancho-33\">\n<div class=\"columna\">\n<div class=\"encabezado \">\n<div class=\"encabezado-titulo\"><h2><span style=\"color: #ff9c32;\">Detalle<\/span> Rutinas<\/h2><\/div><div class=\"encabezado-subtitulo\">DE LA ESCUELA INFANTIL<\/div>\n<\/div><\/div>\n<\/div>\n<div class=\"col ancho-66\">\n<div class=\"columna\"><div class=\"sh-output-html\">\r\n\t<div class=\"horario-tabla\">\n<div class=\"horario-fila\">\n<div class=\"horario-detalle\">\n<h4>7:45h<\/h4> \n<\/div>\n<div class=\"horario-descripcion\">\n<p>Apertura<\/p>\n<\/div>\n<\/div>\n<\/div>\n<div class=\"horario-tabla\">\n<div class=\"horario-fila\">\n<div class=\"horario-detalle\">\n<h4>8:00h a 8:45h<\/h4> \n<\/div>\n<div class=\"horario-descripcion\">\n<p>Desayuno<\/p>\n<\/div>\n<\/div>\n<\/div>\n<div class=\"horario-tabla\">\n<div class=\"horario-fila\">\n<div class=\"horario-detalle\">\n<h4>9:00h<\/h4> \n<\/div>\n<div class=\"horario-descripcion\">\n<p>Comienzo de la jornada escolar<\/p>\n<\/div>\n<\/div>\n<\/div>\n<div class=\"horario-tabla\">\n<div class=\"horario-fila\">\n<div class=\"horario-detalle\">\n<h4>12:30h<\/h4> \n<\/div>\n<div class=\"horario-descripcion\">\n<p>Comida<\/p>\n<\/div>\n<\/div>\n<\/div>\n<div class=\"horario-tabla\">\n<div class=\"horario-fila\">\n<div class=\"horario-detalle\">\n<h4>13:30h a 15:30h<\/h4> \n<\/div>\n<div class=\"horario-descripcion\">\n<p>Siesta<\/p>\n<\/div>\n<\/div>\n<\/div>\n<div class=\"horario-tabla\">\n<div class=\"horario-fila\">\n<div class=\"horario-detalle\">\n<h4>16:00h<\/h4> \n<\/div>\n<div class=\"horario-descripcion\">\n<p>Fin de la jornada escolar<\/p>\n<\/div>\n<\/div>\n<\/div>\n<div class=\"horario-tabla\">\n<div class=\"horario-fila\">\n<div class=\"horario-detalle\">\n<h4>16:30h<\/h4> \n<\/div>\n<div class=\"horario-descripcion\">\n<p>Merienda<\/p>\n<\/div>\n<\/div>\n<\/div>\n<div class=\"horario-tabla\">\n<div class=\"horario-fila\">\n<div class=\"horario-detalle\">\n<h4>17:00h <\/h4> \n<\/div>\n<div class=\"horario-descripcion\">\n<p>Talleres de tarde<\/p>\n<\/div>\n<\/div>\n<\/div>\n<div class=\"horario-tabla\">\n<div class=\"horario-fila\">\n<div class=\"horario-detalle\">\n<h4>20:15h<\/h4> \n<\/div>\n<div class=\"horario-descripcion\">\n<p>Cierre<\/p>\n<\/div>\n<\/div>\n<\/div><\/div>\r\n<\/div>\n<\/div><\/div>\n\n<\/div>\n<\/section><\/p>\n","protected":false},"excerpt":{"rendered":"<p>La Escuela Infantil Municipal Allendeduero atiende al alumnado los doce meses del a\u00f1o, permaneciendo abierta todos los d\u00edas laborables del a\u00f1o, excepto s\u00e1bados, domingos, festivos (entendi\u00e9ndose por festivos los declarados &#8230; <a class=\"mas\" href=\"https:\/\/escuelainfantilarandadeduero.es\/allendeduero\/calendario-horario\/\"><strong>M\u00c1S<\/strong><\/a><\/p>\n","protected":false},"author":1,"featured_media":1267,"parent":0,"menu_order":5,"comment_status":"closed","ping_status":"closed","template":"","meta":{"footnotes":""},"class_list":["post-22","page","type-page","status-publish","has-post-thumbnail","hentry"],"_links":{"self":[{"href":"https:\/\/escuelainfantilarandadeduero.es\/allendeduero\/wp-json\/wp\/v2\/pages\/22","targetHints":{"allow":["GET"]}}],"collection":[{"href":"https:\/\/escuelainfantilarandadeduero.es\/allendeduero\/wp-json\/wp\/v2\/pages"}],"about":[{"href":"https:\/\/escuelainfantilarandadeduero.es\/allendeduero\/wp-json\/wp\/v2\/types\/page"}],"author":[{"embeddable":true,"href":"https:\/\/escuelainfantilarandadeduero.es\/allendeduero\/wp-json\/wp\/v2\/users\/1"}],"replies":[{"embeddable":true,"href":"https:\/\/escuelainfantilarandadeduero.es\/allendeduero\/wp-json\/wp\/v2\/comments?post=22"}],"version-history":[{"count":45,"href":"https:\/\/escuelainfantilarandadeduero.es\/allendeduero\/wp-json\/wp\/v2\/pages\/22\/revisions"}],"predecessor-version":[{"id":1570,"href":"https:\/\/escuelainfantilarandadeduero.es\/allendeduero\/wp-json\/wp\/v2\/pages\/22\/revisions\/1570"}],"wp:featuredmedia":[{"embeddable":true,"href":"https:\/\/escuelainfantilarandadeduero.es\/allendeduero\/wp-json\/wp\/v2\/media\/1267"}],"wp:attachment":[{"href":"https:\/\/escuelainfantilarandadeduero.es\/allendeduero\/wp-json\/wp\/v2\/media?parent=22"}],"curies":[{"name":"wp","href":"https:\/\/api.w.org\/{rel}","templated":true}]}}