{"id":44,"date":"2019-11-26T12:54:41","date_gmt":"2019-11-26T11:54:41","guid":{"rendered":"https:\/\/escuelainfantilarandadeduero.es\/allendeduero\/testw2019\/?page_id=44"},"modified":"2019-12-23T18:20:31","modified_gmt":"2019-12-23T17:20:31","slug":"declaracion-igualdad","status":"publish","type":"page","link":"https:\/\/escuelainfantilarandadeduero.es\/allendeduero\/declaracion-igualdad\/","title":{"rendered":"Declaraci\u00f3n de igualdad"},"content":{"rendered":"\n<section  class=\"seccion\">\n<div class=\"contenedor\">\n<div class=\"fila columnas-altura\">\n\t\n<div class=\"col\">\n<div class=\"columna\"><p>Consciente de que la gesti\u00f3n empresarial debe estar en consonancia con las necesidades y demandas de la sociedad, KOALA declara su compromiso con la igualdad efectiva entre mujeres y hombres en el seno de la empresa y la aplicaci\u00f3n efectiva de pol\u00edticas para la consecuci\u00f3n de este principio, dentro de los t\u00e9rminos previstos en la Ley Org\u00e1nica 3\/2007.<\/p><p>En todos y cada uno de los \u00e1mbitos de la empresa, desde las condiciones de trabajo, los servicios prestados o la comunicaci\u00f3n, KOALA asume la igualdad de trato y oportunidades sin discriminar directa o indirectamente por raz\u00f3n de sexo, as\u00ed como el establecimiento de protocolos de prevenci\u00f3n y actuaci\u00f3n para casos de acoso laboral y sexual.<\/p><p>Dentro de su compromiso social, KOALA tambi\u00e9n trabaja por la integraci\u00f3n laboral en su plantilla de mujeres v\u00edctimas de violencia de g\u00e9nero.<\/p><p>La direcci\u00f3n y todos los empleados asumen el compromiso contenido en esta declaraci\u00f3n.<\/p><\/div>\n<\/div><\/div>\n\n<\/div>\n<\/section>\n","protected":false},"excerpt":{"rendered":"<p>Consciente de que la gesti\u00f3n empresarial debe estar en consonancia con las necesidades y demandas de la sociedad, KOALA declara su compromiso con la igualdad efectiva entre mujeres y hombres &#8230; <a class=\"mas\" href=\"https:\/\/escuelainfantilarandadeduero.es\/allendeduero\/declaracion-igualdad\/\"><strong>M\u00c1S<\/strong><\/a><\/p>\n","protected":false},"author":1,"featured_media":753,"parent":0,"menu_order":12,"comment_status":"closed","ping_status":"closed","template":"","meta":{"footnotes":""},"class_list":["post-44","page","type-page","status-publish","has-post-thumbnail","hentry"],"_links":{"self":[{"href":"https:\/\/escuelainfantilarandadeduero.es\/allendeduero\/wp-json\/wp\/v2\/pages\/44","targetHints":{"allow":["GET"]}}],"collection":[{"href":"https:\/\/escuelainfantilarandadeduero.es\/allendeduero\/wp-json\/wp\/v2\/pages"}],"about":[{"href":"https:\/\/escuelainfantilarandadeduero.es\/allendeduero\/wp-json\/wp\/v2\/types\/page"}],"author":[{"embeddable":true,"href":"https:\/\/escuelainfantilarandadeduero.es\/allendeduero\/wp-json\/wp\/v2\/users\/1"}],"replies":[{"embeddable":true,"href":"https:\/\/escuelainfantilarandadeduero.es\/allendeduero\/wp-json\/wp\/v2\/comments?post=44"}],"version-history":[{"count":3,"href":"https:\/\/escuelainfantilarandadeduero.es\/allendeduero\/wp-json\/wp\/v2\/pages\/44\/revisions"}],"predecessor-version":[{"id":641,"href":"https:\/\/escuelainfantilarandadeduero.es\/allendeduero\/wp-json\/wp\/v2\/pages\/44\/revisions\/641"}],"wp:featuredmedia":[{"embeddable":true,"href":"https:\/\/escuelainfantilarandadeduero.es\/allendeduero\/wp-json\/wp\/v2\/media\/753"}],"wp:attachment":[{"href":"https:\/\/escuelainfantilarandadeduero.es\/allendeduero\/wp-json\/wp\/v2\/media?parent=44"}],"curies":[{"name":"wp","href":"https:\/\/api.w.org\/{rel}","templated":true}]}}