{"id":50,"date":"2019-11-26T12:57:28","date_gmt":"2019-11-26T11:57:28","guid":{"rendered":"https:\/\/escuelainfantilarandadeduero.es\/allendeduero\/testw2019\/?page_id=50"},"modified":"2019-12-23T18:21:06","modified_gmt":"2019-12-23T17:21:06","slug":"integracion-sociolaboral","status":"publish","type":"page","link":"https:\/\/escuelainfantilarandadeduero.es\/allendeduero\/integracion-sociolaboral\/","title":{"rendered":"Integraci\u00f3n sociolaboral"},"content":{"rendered":"\n<section  class=\"seccion\">\n<div class=\"contenedor\">\n<div class=\"fila columnas-altura\">\n\t\n<div class=\"col\">\n<div class=\"columna\"><p>En KOALA impulsamos la igualdad de oportunidades a trav\u00e9s de la integraci\u00f3n de personas de colectivos desfavorecidos, principalmente personas con discapacidad, personas en riesgo de exclusi\u00f3n social, mujeres que sufren violencia de g\u00e9nero, v\u00edctimas de terrorismo y j\u00f3venes desempleados de larga duraci\u00f3n.<\/p><p>Consideramos que el acceso al empleo es de vital importancia en los procesos de integraci\u00f3n de personas vulnerables o en riesgo de exclusi\u00f3n, dado que el trabajo es fundamental para el desarrollo de un modelo de vida digno, aut\u00f3nomo e independiente.<\/p><p>Para ello, trabajamos conjuntamente en los \u00e1mbitos social y laboral, abordando la mejora de la cualificaci\u00f3n profesional de las personas atendidas y sus necesidades personales, familiares y sociales.<\/p><\/div>\n<\/div><\/div>\n\n<\/div>\n<\/section>\n","protected":false},"excerpt":{"rendered":"<p>En KOALA impulsamos la igualdad de oportunidades a trav\u00e9s de la integraci\u00f3n de personas de colectivos desfavorecidos, principalmente personas con discapacidad, personas en riesgo de exclusi\u00f3n social, mujeres que sufren &#8230; <a class=\"mas\" href=\"https:\/\/escuelainfantilarandadeduero.es\/allendeduero\/integracion-sociolaboral\/\"><strong>M\u00c1S<\/strong><\/a><\/p>\n","protected":false},"author":1,"featured_media":753,"parent":0,"menu_order":14,"comment_status":"closed","ping_status":"closed","template":"","meta":{"footnotes":""},"class_list":["post-50","page","type-page","status-publish","has-post-thumbnail","hentry"],"_links":{"self":[{"href":"https:\/\/escuelainfantilarandadeduero.es\/allendeduero\/wp-json\/wp\/v2\/pages\/50","targetHints":{"allow":["GET"]}}],"collection":[{"href":"https:\/\/escuelainfantilarandadeduero.es\/allendeduero\/wp-json\/wp\/v2\/pages"}],"about":[{"href":"https:\/\/escuelainfantilarandadeduero.es\/allendeduero\/wp-json\/wp\/v2\/types\/page"}],"author":[{"embeddable":true,"href":"https:\/\/escuelainfantilarandadeduero.es\/allendeduero\/wp-json\/wp\/v2\/users\/1"}],"replies":[{"embeddable":true,"href":"https:\/\/escuelainfantilarandadeduero.es\/allendeduero\/wp-json\/wp\/v2\/comments?post=50"}],"version-history":[{"count":4,"href":"https:\/\/escuelainfantilarandadeduero.es\/allendeduero\/wp-json\/wp\/v2\/pages\/50\/revisions"}],"predecessor-version":[{"id":648,"href":"https:\/\/escuelainfantilarandadeduero.es\/allendeduero\/wp-json\/wp\/v2\/pages\/50\/revisions\/648"}],"wp:featuredmedia":[{"embeddable":true,"href":"https:\/\/escuelainfantilarandadeduero.es\/allendeduero\/wp-json\/wp\/v2\/media\/753"}],"wp:attachment":[{"href":"https:\/\/escuelainfantilarandadeduero.es\/allendeduero\/wp-json\/wp\/v2\/media?parent=50"}],"curies":[{"name":"wp","href":"https:\/\/api.w.org\/{rel}","templated":true}]}}