{"id":10,"date":"2019-11-26T12:47:36","date_gmt":"2019-11-26T11:47:36","guid":{"rendered":"https:\/\/escuelainfantilarandadeduero.es\/arandadeduero\/testw2019\/?page_id=10"},"modified":"2021-01-04T12:46:51","modified_gmt":"2021-01-04T11:46:51","slug":"proyecto-educativo","status":"publish","type":"page","link":"https:\/\/escuelainfantilarandadeduero.es\/arandadeduero\/proyecto-educativo\/","title":{"rendered":"Proyecto educativo"},"content":{"rendered":"<p>\n<section  class=\"seccion\">\n<div class=\"contenedor\">\n<div class=\"fila columnas-altura\">\n\t\n<div class=\"col ancho-50 espacio-sup-40\">\n<div class=\"columna\">\n<div class=\"encabezado \">\n<div class=\"encabezado-titulo\"><h2><span style=\"color: #d7377d;\">Aprendizaje<\/span> integral<\/h2><\/div><div class=\"encabezado-subtitulo\">Nuestro proyecto va encaminado al desarrollo de todas las competencias<\/div>\n<\/div><p>Damos prioridad al respeto de las individualidades como punto de partida para ir provocando en el alumnado su avance y desarrollo, sus inquietudes por saber y conocer.<\/p><p>Nuestra base metodol\u00f3gica es el juego, entendi\u00e9ndolo como vivencias y experiencias que van a ayudar al ni\u00f1o a estructurar su pensamiento. El juego, unido a la curiosidad que le planteamos es el motor del aprendizaje.<\/p><p>Nuestra propuesta pedag\u00f3gica est\u00e1 llena de retos que tienen que ver con el desarrollo sensorial, mot\u00f3rico, social, del lenguaje, de gesti\u00f3n de los propios sentimientos, de la l\u00f3gica-matem\u00e1tica, de las experiencias en gran grupo, de las individuales y con el medio, de la creatividad a trav\u00e9s del arte abstracto\u2026..sin dejar de lado nuestro compromiso con la implicaci\u00f3n de las familias en la vida de la escuela.<\/p><\/div>\n<\/div>\n<div class=\"col ancho-50 text-ctr\">\n<div class=\"columna\"><img loading=\"lazy\" decoding=\"async\" src=\"https:\/\/escuelainfantilarandadeduero.es\/arandadeduero\/wp-content\/uploads\/2020\/02\/eim-proyecto-educativo-2-540x540.jpg\" alt=\"Proyecto educativo\" width=\"540\" height=\"540\" \/><\/div>\n<\/div><\/div>\n\n<\/div>\n<\/section>\n<section  class=\"seccion\" style=\"background-color:#f2f6f7;background-image:url(https:\/\/escuelainfantilarandadeduero.es\/arandadeduero\/wp-content\/uploads\/2019\/12\/fd-destacado-proyecto-educativo.jpg);\">\n<div class=\"contenedor\">\n<div class=\"fila columnas-altura\">\n\t\n<div class=\"col ancho-33 columna-altura\">\n<div class=\"columna\"><div class=\"caja-icono clearfix caja-icono-2\">\n<div class=\"caja-icono-simbolo\"><i class=\"fa fa-leaf\"><\/i><\/div>\n<div class=\"caja-icono-aside\">\n<div class=\"caja-icono-titulo\"><h3>Compromiso con la sociedad<\/h3><\/div>\n<div class=\"caja-icono-texto\"><p>Es un proyecto comprometido con la sociedad, que defiende la igualdad entre sexos, razas y culturas, al igual que respetuoso con el medio ambiente.<\/p><\/div>\n  \n<\/div>\n<\/div><\/div>\n<\/div>\n<div class=\"col ancho-33 columna-altura\">\n<div class=\"columna\"><div class=\"caja-icono clearfix caja-icono-2\">\n<div class=\"caja-icono-simbolo\"><i class=\"fa fa-graduation-cap\"><\/i><\/div>\n<div class=\"caja-icono-aside\">\n<div class=\"caja-icono-titulo\"><h3>Innovaci\u00f3n pedag\u00f3gica<\/h3><\/div>\n<div class=\"caja-icono-texto\"><p>Nuestros profesionales son conocedores de la realidad y el momento actual que vive nuestro sistema educativo, adapt\u00e1ndose a las pedagog\u00edas m\u00e1s innovadoras y en permanente formaci\u00f3n.<\/p><\/div>\n  \n<\/div>\n<\/div><\/div>\n<\/div>\n<div class=\"col ancho-33 columna-altura\">\n<div class=\"columna\"><div class=\"caja-icono clearfix caja-icono-2\">\n<div class=\"caja-icono-simbolo\"><i class=\"fa fa-heart\"><\/i><\/div>\n<div class=\"caja-icono-aside\">\n<div class=\"caja-icono-titulo\"><h3>Desarrollo arm\u00f3nico<\/h3><\/div>\n<div class=\"caja-icono-texto\"><p>El principal objetivo de la escuela es la felicidad de nuestros peque\u00f1os. Con este fin promovemos un desarrollo arm\u00f3nico e integral abordando aspectos f\u00edsicos, afectivos e intelectuales. Siempre de la mano de las familias y siempre de forma personalizada.<\/p><\/div>\n  \n<\/div>\n<\/div><\/div>\n<\/div><\/div>\n\n<\/div>\n<\/section><\/p>\n","protected":false},"excerpt":{"rendered":"<p>Aprendizaje integralNuestro proyecto va encaminado al desarrollo de todas las competencias Damos prioridad al respeto de las individualidades como punto de partida para ir provocando en el alumnado su avance &#8230; <a class=\"mas\" href=\"https:\/\/escuelainfantilarandadeduero.es\/arandadeduero\/proyecto-educativo\/\"><strong>M\u00c1S<\/strong><\/a><\/p>\n","protected":false},"author":1,"featured_media":347,"parent":0,"menu_order":2,"comment_status":"closed","ping_status":"closed","template":"","meta":{"footnotes":""},"class_list":["post-10","page","type-page","status-publish","has-post-thumbnail","hentry"],"_links":{"self":[{"href":"https:\/\/escuelainfantilarandadeduero.es\/arandadeduero\/wp-json\/wp\/v2\/pages\/10","targetHints":{"allow":["GET"]}}],"collection":[{"href":"https:\/\/escuelainfantilarandadeduero.es\/arandadeduero\/wp-json\/wp\/v2\/pages"}],"about":[{"href":"https:\/\/escuelainfantilarandadeduero.es\/arandadeduero\/wp-json\/wp\/v2\/types\/page"}],"author":[{"embeddable":true,"href":"https:\/\/escuelainfantilarandadeduero.es\/arandadeduero\/wp-json\/wp\/v2\/users\/1"}],"replies":[{"embeddable":true,"href":"https:\/\/escuelainfantilarandadeduero.es\/arandadeduero\/wp-json\/wp\/v2\/comments?post=10"}],"version-history":[{"count":47,"href":"https:\/\/escuelainfantilarandadeduero.es\/arandadeduero\/wp-json\/wp\/v2\/pages\/10\/revisions"}],"predecessor-version":[{"id":995,"href":"https:\/\/escuelainfantilarandadeduero.es\/arandadeduero\/wp-json\/wp\/v2\/pages\/10\/revisions\/995"}],"wp:featuredmedia":[{"embeddable":true,"href":"https:\/\/escuelainfantilarandadeduero.es\/arandadeduero\/wp-json\/wp\/v2\/media\/347"}],"wp:attachment":[{"href":"https:\/\/escuelainfantilarandadeduero.es\/arandadeduero\/wp-json\/wp\/v2\/media?parent=10"}],"curies":[{"name":"wp","href":"https:\/\/api.w.org\/{rel}","templated":true}]}}