{"id":1691,"date":"2023-06-28T18:09:46","date_gmt":"2023-06-28T16:09:46","guid":{"rendered":"https:\/\/escuelainfantilarandadeduero.es\/arandadeduero\/?page_id=1691"},"modified":"2025-07-23T11:55:30","modified_gmt":"2025-07-23T09:55:30","slug":"politica-de-privacidad-del-canal-etico","status":"publish","type":"page","link":"https:\/\/escuelainfantilarandadeduero.es\/arandadeduero\/politica-de-privacidad-del-canal-etico\/","title":{"rendered":"Pol\u00edtica de Privacidad del Canal \u00c9tico"},"content":{"rendered":"\n<h4 class=\"wp-block-heading\" style=\"text-transform:uppercase\">\u00bfQui\u00e9n es el Responsable del Tratamiento de sus datos?<\/h4>\n\n\n\n<p>Identidad: KOALA SOLUCIONES EDUCATIVAS, S.A. (en adelante, la \u201cCompa\u00f1\u00eda\u201d)<br>CIF: A-87045423<br>Dir.Postal: Avda de Manoteras 46, 2\u00ba 28050-Madrid<br>Delegado de Protecci\u00f3n de Datos: Usted puede contactar con el Delegado de Protecci\u00f3n de Datos en el correo electr\u00f3nico <a href=\"mailto:rgpd-eikoala@eikoala.es\">rgpd-eikoala@eikoala.es<\/a><\/p>\n\n\n\n<h4 class=\"wp-block-heading\" style=\"text-transform:uppercase\">\u00bfCon qu\u00e9 finalidad y bajo qu\u00e9 base legitimadora tratamos sus datos personales?<\/h4>\n\n\n\n<p>Los datos ser\u00e1n tratados con la finalidad de gestionar las informaciones relativas a la comisi\u00f3n de irregularidades o infracciones penales y administrativas graves o muy graves o actos contrarios a la \u00e9tica, la legalidad o las normas corporativas de la Compa\u00f1\u00eda y llevar a cabo las actuaciones necesarias para la investigaci\u00f3n de los hechos denunciados, incluidas, en su caso, las medidas disciplinarias o legales que pudieran corresponder.\u2028\u00a0<\/p>\n\n\n\n<p>\u2028Los datos ser\u00e1n tratados aplicando la m\u00e1s estricta confidencialidad y no ser\u00e1n utilizados para una finalidad distinta de la indicada. En particular, en caso de identificaci\u00f3n, se garantizar\u00e1 la confidencialidad de la persona que hubiera puesto los hechos en conocimiento de la Compa\u00f1\u00eda.<\/p>\n\n\n\n<h4 class=\"wp-block-heading\" style=\"text-transform:uppercase\">\u00bfCu\u00e1l es la legitimaci\u00f3n para el tratamiento de sus datos?<\/h4>\n\n\n\n<p>La base jur\u00eddica del tratamiento es el cumplimiento de la obligaci\u00f3n legal de la Compa\u00f1\u00eda conforme a la Ley 2\/2023, de 20 de febrero, reguladora de la protecci\u00f3n de las personas que informen sobre infracciones normativas y de lucha contra la corrupci\u00f3n.\u2028\u00a0<\/p>\n\n\n\n<p>\u2028El tratamiento de sus datos personales es estrictamente necesario para gestionar el canal \u00c9tico y dar cumplimiento a las mencionadas obligaciones legales.<\/p>\n\n\n\n<h4 class=\"wp-block-heading\" style=\"text-transform:uppercase\">\u00bfPor cu\u00e1nto tiempo conservaremos sus datos?<\/h4>\n\n\n\n<p>Los datos que sean objeto de tratamiento se conservar\u00e1n en el sistema de informaci\u00f3n durante el tiempo imprescindible para decidir sobre la procedencia de iniciar una investigaci\u00f3n sobre los hechos informados, as\u00ed como para evidenciar el correcto funcionamiento del sistema.<\/p>\n\n\n\n<p>No obstante, se atender\u00e1 en todo caso a los plazos dispuestos en la Ley 2\/2023, de 20 de febrero, reguladora de la protecci\u00f3n de las personas que informen sobre infracciones normativas y de lucha contra la corrupci\u00f3n.<\/p>\n\n\n\n<h4 class=\"wp-block-heading\" style=\"text-transform:uppercase\">\u00bfA qu\u00e9 destinatarios se comunicar\u00e1n sus datos?<\/h4>\n\n\n\n<p>Los datos podr\u00edan comunicarse a otros destinatarios cuando resulte necesario en el marco de la investigaci\u00f3n de unos hechos concretos, tales como investigadores \/ detectives privados y asesores externos, as\u00ed como a abogados y procuradores para la tramitaci\u00f3n de los procedimientos sancionadores o penales que, en su caso, procedan.<\/p>\n\n\n\n<p>Los datos tambi\u00e9n podr\u00e1n ser comunicados al Ministerio Fiscal, fuerzas y cuerpos de seguridad, as\u00ed como a autoridades judiciales y\/o administrativas cuando resulte pertinente y\/o necesario.<\/p>\n\n\n\n<h4 class=\"wp-block-heading\" style=\"text-transform:uppercase\">\u00bfCu\u00e1les son sus derechos?<\/h4>\n\n\n\n<p>Puede solicitar a la Compa\u00f1\u00eda confirmaci\u00f3n sobre si sus datos personales est\u00e1n siendo tratados en el marco de la gesti\u00f3n del Canal \u00e9tico y, en caso afirmativo, acceder y solicitar una copia de estos. Asimismo, puede solicitar la rectificaci\u00f3n de los datos inexactos o, en su caso, solicitar su supresi\u00f3n cuando, entre otros motivos, los datos ya no sean necesarios para los fines para los que se recogieron.<\/p>\n\n\n\n<p>Tenga en cuenta que en todo caso se excluir\u00e1 del derecho de acceso la identidad de cualquier persona informante u otros terceros implicados. Tambi\u00e9n podr\u00e1 limitarse el ejercicio del derecho de acceso cuando pueda poner en peligro o incidir, directa o indirectamente, en el curso de una investigaci\u00f3n.<\/p>\n\n\n\n<p>En caso de que la persona a la que se refieran los hechos relatados en la comunicaci\u00f3n o a la que se refiera la revelaci\u00f3n p\u00fablica ejerciese el derecho de oposici\u00f3n, se presumir\u00e1 que, salvo prueba en contrario, existen motivos leg\u00edtimos imperiosos que legitiman el tratamiento de sus datos personales.<\/p>\n\n\n\n<p>Para ejercitar los citados derechos, deber\u00e1 dirigir una comunicaci\u00f3n escrita o electr\u00f3nica las direcciones de contacto facilitadas en el primer ep\u00edgrafe de esta pol\u00edtica.<\/p>\n\n\n\n<p>Por \u00faltimo, se le informa de su derecho a presentar una reclamaci\u00f3n ante la Agencia Espa\u00f1ola de Protecci\u00f3n de Datos.<\/p>\n","protected":false},"excerpt":{"rendered":"<p>\u00bfQui\u00e9n es el Responsable del Tratamiento de sus datos? Identidad: KOALA SOLUCIONES EDUCATIVAS, S.A. (en adelante, la \u201cCompa\u00f1\u00eda\u201d)CIF: A-87045423Dir.Postal: Avda de Manoteras 46, 2\u00ba 28050-MadridDelegado de Protecci\u00f3n de Datos: Usted &#8230; <a class=\"mas\" href=\"https:\/\/escuelainfantilarandadeduero.es\/arandadeduero\/politica-de-privacidad-del-canal-etico\/\"><strong>M\u00c1S<\/strong><\/a><\/p>\n","protected":false},"author":1,"featured_media":746,"parent":0,"menu_order":104,"comment_status":"closed","ping_status":"closed","template":"page-contenido.php","meta":{"footnotes":""},"class_list":["post-1691","page","type-page","status-publish","has-post-thumbnail","hentry"],"_links":{"self":[{"href":"https:\/\/escuelainfantilarandadeduero.es\/arandadeduero\/wp-json\/wp\/v2\/pages\/1691","targetHints":{"allow":["GET"]}}],"collection":[{"href":"https:\/\/escuelainfantilarandadeduero.es\/arandadeduero\/wp-json\/wp\/v2\/pages"}],"about":[{"href":"https:\/\/escuelainfantilarandadeduero.es\/arandadeduero\/wp-json\/wp\/v2\/types\/page"}],"author":[{"embeddable":true,"href":"https:\/\/escuelainfantilarandadeduero.es\/arandadeduero\/wp-json\/wp\/v2\/users\/1"}],"replies":[{"embeddable":true,"href":"https:\/\/escuelainfantilarandadeduero.es\/arandadeduero\/wp-json\/wp\/v2\/comments?post=1691"}],"version-history":[{"count":4,"href":"https:\/\/escuelainfantilarandadeduero.es\/arandadeduero\/wp-json\/wp\/v2\/pages\/1691\/revisions"}],"predecessor-version":[{"id":1942,"href":"https:\/\/escuelainfantilarandadeduero.es\/arandadeduero\/wp-json\/wp\/v2\/pages\/1691\/revisions\/1942"}],"wp:featuredmedia":[{"embeddable":true,"href":"https:\/\/escuelainfantilarandadeduero.es\/arandadeduero\/wp-json\/wp\/v2\/media\/746"}],"wp:attachment":[{"href":"https:\/\/escuelainfantilarandadeduero.es\/arandadeduero\/wp-json\/wp\/v2\/media?parent=1691"}],"curies":[{"name":"wp","href":"https:\/\/api.w.org\/{rel}","templated":true}]}}