{"id":32,"date":"2019-11-26T12:51:59","date_gmt":"2019-11-26T11:51:59","guid":{"rendered":"https:\/\/escuelainfantilarandadeduero.es\/arandadeduero\/testw2019\/?page_id=32"},"modified":"2025-02-14T13:02:56","modified_gmt":"2025-02-14T12:02:56","slug":"solicitar-plaza","status":"publish","type":"page","link":"https:\/\/escuelainfantilarandadeduero.es\/arandadeduero\/solicitar-plaza\/","title":{"rendered":"Solicitar plaza"},"content":{"rendered":"\n<section  class=\"seccion\" style=\"background-color:#ffffff;\">\n<div class=\"contenedor\">\n<div class=\"fila columnas-altura\">\n\t\n<div class=\"col ancho-50\">\n<div class=\"columna\">\n<div class=\"encabezado \">\n<div class=\"encabezado-titulo\"><h2><span style=\"color: #ff9c32;\">C\u00f3mo solicitar<\/span> plaza<\/h2><\/div><\/div><div class=\"sh-output-html\">\r\n\t<ul class=\"lista lista-minusculas\">\n<li>El <strong>plazo de admisi\u00f3n<\/strong> de solicitudes lo establece la Junta de Castilla y Le\u00f3n cada curso escolar. El <strong>formulario web<\/strong> se puede completar en la p\u00e1gina de la Junta de CyL y firmar electr\u00f3nicamente. Si no se dispone de certificado electr\u00f3nico, se puede imprimir, firmar y traer a la escuela. Si prefieres hacerlo directamente en papel, <strong>nosotros te facilitamos la solicitud<\/strong> para que puedas completarla y traerla despu\u00e9s junto con toda la documentaci\u00f3n a la escuela.<\/li>\n<\/ul><\/div>\r\n<div class=\"sh-output-html\">\r\n\t<ul class=\"lista lista-minusculas\">\n<li>Se puede consultar <strong>toda la informaci\u00f3n<\/strong> <a href=\"https:\/\/www.educa.jcyl.es\/es\/admision-alumnado\/admision-centros-imparten-primer-ciclo-educacion-infantil\" target=\"_blank\">aqu\u00ed<\/a><br><img loading=\"lazy\" decoding=\"async\" style=\"margin-right:-20px\" class=\"alignnone size-full wp-image-1635\" style=\"margin-left: 15px;\" src=\"https:\/\/escuelainfantilarandadeduero.es\/arandadeduero\/wp-content\/uploads\/2025\/02\/codigo-qr.png\" alt=\"\" width=\"170\" height=\"170\" \/><\/li>\n<\/ul><\/div>\r\n<div class=\"sh-output-html\">\r\n\t<ul class=\"lista lista-minusculas\">\n<li> Solicitud de admisi\u00f3n en periodo ordinario <a href=\"https:\/\/www.educa.jcyl.es\/es\/admision-alumnado\/admision-centros-imparten-primer-ciclo-educacion-infantil\/solicitud-admision-curso-2025-2026-periodo-ordinario\" target=\"_blank\">aqu\u00ed<\/a><\/li>\n<\/ul><\/div>\r\n<div class=\"sh-output-html\">\r\n\t<ul class=\"lista lista-minusculas\">\n<li>Normativa reguladora de admisi\u00f3n en escuelas infantiles de titularidad de la Junta de Castilla y Le\u00f3n. <a href=\"https:\/\/www.educa.jcyl.es\/es\/admision-alumnado\/admision-centros-imparten-primer-ciclo-educacion-infantil\/normativa-reguladora-admision-escuelas-infantiles-titularid\" target=\"_blank\">Ver<\/a><\/li>\n<\/ul><\/div>\r\n<div class=\"sh-output-html\">\r\n\t<ul class=\"lista lista-minusculas\">\n<li>SEDE ELECTR\u00d3NICA de Castilla y le\u00f3n <a href=\"https:\/\/www.tramitacastillayleon.jcyl.es\/web\/jcyl\/AdministracionElectronica\/es\/Plantilla100Detalle\/1251181050732\/Tramite\/1284774691712\/Tramite\" target=\"_blank\">Acceder<\/a><\/li>\n<\/ul><\/div>\r\n<\/div>\n<\/div>\n<div class=\"col ancho-50\">\n<div class=\"columna\">\n<div class=\"encabezado \">\n<div class=\"encabezado-titulo\"><h2><span style=\"color: #d7377d;\">Normativa<\/span> municipal<\/h2><\/div><\/div>\n\t<div class=\"separador-espacio\" style=\"padding-top: 10px;\"><\/div>\n<h4>CONCEJAL\u00cdA DE EDUCACI\u00d3N<\/h4><p style=\"margin-bottom: 0;\"><strong>AYUNTAMIENTO DE ARANDA DE DUERO<\/strong><\/p><p>Plaza Mayor 1<\/p><p>Tel\u00e9fono: <strong>947 50 01 04<\/strong><br \/>Fax: <strong>947 51 15 13<\/strong><br \/>E-mail: <a href=\"mailto:educacion@arandadeduero.es\">educacion@arandadeduero.es<\/a><\/p><p style=\"margin-bottom: 0;\">Horario de atenci\u00f3n al p\u00fablico: <strong>9,30 a 14,30<\/strong> (lunes a viernes)<\/p><div class=\"contenedor-boton\">\n<a href=\"https:\/\/www.arandadeduero.es\/concejalia-29-cultura-y-educaci%C3%B3n.htm\" target=\"_blank\" class=\"boton boton-flecha \">\n\t<span>Ayuntamiento de Aranda de Duero - Concejal\u00eda de Cultura<\/span>\n<\/a>\n<\/div><ul class=\"lista lista-minusculas\">\n<li>Reglamento de las normas de funcionamiento, admisi\u00f3n y organizaci\u00f3n del servicio de escuela infantil municipal de primer ciclo BOP Burgos n\u00fam. 168 jueves, 5 de septiembre de 2019<\/li>\n<\/ul>\n<p style=\"padding-left: 30px; padding-top: 10px; margin-bottom: 0;\"><a href=\"https:\/\/escuelainfantilarandadeduero.es\/arandadeduero\/pdf\/Reglamento-municipal-bop-bur-2019-168.pdf\" target=\"_blank\" rel=\"noopener\"><strong>DESCARGAR<\/strong><\/a><\/p><ul class=\"lista lista-minusculas\">\n<li>Ordenanza reguladora del precio p\u00fablico por la prestaci\u00f3n del servicio de Escuela Infantil Municipal de Aranda de Duero.<\/li>\n<\/ul>\n<p style=\"padding-left: 30px; padding-top: 10px; margin-bottom: 0;\"><a href=\"https:\/\/escuelainfantilarandadeduero.es\/arandadeduero\/pdf\/SOLICITUD-DE-NUEVO-INGRESO.pdf\" target=\"_blank\" rel=\"noopener\"><strong>DESCARGAR<\/strong><\/a><\/p><\/div>\n<\/div><\/div>\n\n<\/div>\n<\/section>\n","protected":false},"excerpt":{"rendered":"<p>C\u00f3mo solicitar plaza El plazo de admisi\u00f3n de solicitudes lo establece la Junta de Castilla y Le\u00f3n cada curso escolar. El formulario web se puede completar en la p\u00e1gina de &#8230; <a class=\"mas\" href=\"https:\/\/escuelainfantilarandadeduero.es\/arandadeduero\/solicitar-plaza\/\"><strong>M\u00c1S<\/strong><\/a><\/p>\n","protected":false},"author":1,"featured_media":356,"parent":0,"menu_order":8,"comment_status":"closed","ping_status":"closed","template":"","meta":{"footnotes":""},"class_list":["post-32","page","type-page","status-publish","has-post-thumbnail","hentry"],"_links":{"self":[{"href":"https:\/\/escuelainfantilarandadeduero.es\/arandadeduero\/wp-json\/wp\/v2\/pages\/32","targetHints":{"allow":["GET"]}}],"collection":[{"href":"https:\/\/escuelainfantilarandadeduero.es\/arandadeduero\/wp-json\/wp\/v2\/pages"}],"about":[{"href":"https:\/\/escuelainfantilarandadeduero.es\/arandadeduero\/wp-json\/wp\/v2\/types\/page"}],"author":[{"embeddable":true,"href":"https:\/\/escuelainfantilarandadeduero.es\/arandadeduero\/wp-json\/wp\/v2\/users\/1"}],"replies":[{"embeddable":true,"href":"https:\/\/escuelainfantilarandadeduero.es\/arandadeduero\/wp-json\/wp\/v2\/comments?post=32"}],"version-history":[{"count":89,"href":"https:\/\/escuelainfantilarandadeduero.es\/arandadeduero\/wp-json\/wp\/v2\/pages\/32\/revisions"}],"predecessor-version":[{"id":1911,"href":"https:\/\/escuelainfantilarandadeduero.es\/arandadeduero\/wp-json\/wp\/v2\/pages\/32\/revisions\/1911"}],"wp:featuredmedia":[{"embeddable":true,"href":"https:\/\/escuelainfantilarandadeduero.es\/arandadeduero\/wp-json\/wp\/v2\/media\/356"}],"wp:attachment":[{"href":"https:\/\/escuelainfantilarandadeduero.es\/arandadeduero\/wp-json\/wp\/v2\/media?parent=32"}],"curies":[{"name":"wp","href":"https:\/\/api.w.org\/{rel}","templated":true}]}}