{"id":6,"date":"2019-11-26T12:45:17","date_gmt":"2019-11-26T11:45:17","guid":{"rendered":"https:\/\/escuelainfantilarandadeduero.es\/arandadeduero\/testw2019\/?page_id=6"},"modified":"2026-02-20T13:37:40","modified_gmt":"2026-02-20T12:37:40","slug":"inicio","status":"publish","type":"page","link":"https:\/\/escuelainfantilarandadeduero.es\/arandadeduero\/","title":{"rendered":"Inicio"},"content":{"rendered":"<p>\n<section  class=\"seccion portada\">\n<div class=\"contenedor-ancho\">\n<div class=\"fila columnas-altura\">\n\t\n<div class=\"col\">\n<div class=\"columna\"><div class=\"precarga\">\n<div class=\"slider slider-portada slider-69f65035f1aa9\">\n<ul>\n<li class=\"slide\">\n<span style=\"background-image:url(https:\/\/escuelainfantilarandadeduero.es\/arandadeduero\/wp-content\/uploads\/2019\/12\/eim-slider-inicio-1.jpg);\" class=\"slider-fdimagen\"><\/span>\n<div class=\"contenedor\">\n<div class=\"fila\">\n<div class=\"col\">\n <h4>INSTALACIONES<\/h4><a href=\"escuela\"><h2>Escuela Infantil Municipal<\/h2><\/a>\n <h3>Mobiliario y material adaptado y seguro<\/h3><a class=\"boton\" href=\"escuela\" target=\"_self\">M\u00e1s informaci\u00f3n<\/a><\/div>\n<\/div>\n<\/div>\n<span  class=\"slider-fdcolor\"><\/span>\n<\/li>\n<li class=\"slide\">\n<span style=\"background-image:url(https:\/\/escuelainfantilarandadeduero.es\/arandadeduero\/wp-content\/uploads\/2019\/12\/eim-slider-inicio-2.jpg);\" class=\"slider-fdimagen\"><\/span>\n<div class=\"contenedor\">\n<div class=\"fila\">\n<div class=\"col\">\n<a href=\"comedor\"><h2>Servicio de comedor<\/h2><\/a>\n <h3>Cocina propia | Men\u00fas personalizados<\/h3><a class=\"boton\" href=\"comedor\" target=\"_self\">M\u00e1s informaci\u00f3n<\/a><\/div>\n<\/div>\n<\/div>\n<span  class=\"slider-fdcolor\"><\/span>\n<\/li>\n<\/ul>\n<\/div>\n<\/div>\n\n\n\n<div class=\"destacado-portada\">\n<div class=\"contenedor\">\n<div class=\"fila\">\n<div style=\"background-color:#d7377d;\" class=\"col ancho-50 izda\">\n<p>Primer Ciclo infantil<\/p><h3>0-3 a\u00f1os<\/h3>\n<\/div>\n<div style=\"background-color:#1ea09c;\" class=\"col ancho-50 dcha\">\n<p>Capacidad<\/p><h3>33 ni\u00f1os y ni\u00f1as<\/h3>\n<\/div>\n<\/div>\n<\/div>\n<\/div><\/div>\n<\/div><\/div>\n\n<\/div>\n<\/section>\n<section  class=\"seccion\">\n<div class=\"contenedor\">\n<div class=\"fila columnas-altura\">\n\t\n<div class=\"col\">\n<div class=\"columna\">\n<div class=\"encabezado  encabezado-centrado\">\n<div class=\"encabezado-titulo\"><h2>Noticias<\/h2><\/div><\/div>\n\t<div class=\"separador-espacio\" style=\"padding-top: 40px;\"><\/div>\n<article class=\"listado noticia\">\n<div class=\"listado-fila\">\n<div class=\"listado-detalle\">\n<div class=\"imagen-enlace redondear-6\">\n<a href=\"https:\/\/escuelainfantilarandadeduero.es\/arandadeduero\/admision-de-solicitudes-curso-2025-2026\/\"><img loading=\"lazy\" decoding=\"async\" width=\"800\" height=\"520\" src=\"https:\/\/escuelainfantilarandadeduero.es\/arandadeduero\/wp-content\/uploads\/2025\/02\/Puertas-abiertas-ARANDA-26-27-800x520.jpg\" class=\"attachment-destacada-h size-destacada-h wp-post-image\" alt=\"\" \/><\/a>\n<\/div>\n<\/div>\n<div class=\"listado-resumen\">\n<header>\n<div class=\"categorias\"><ul class=\"post-categories\">\n\t<li><a href=\"https:\/\/escuelainfantilarandadeduero.es\/arandadeduero\/category\/escolarizacion-junta-castilla-y-leon\/\" rel=\"category tag\">Escolarizaci\u00f3n Junta Castilla y Le\u00f3n<\/a><\/li><\/ul><\/div>\n<h3><a href=\"https:\/\/escuelainfantilarandadeduero.es\/arandadeduero\/admision-de-solicitudes-curso-2025-2026\/\">Admisi\u00f3n de solicitudes Curso 2026-2027<\/a><\/h3>\n<time datetime=\"2026-Feb-9\">9 febrero, 2026<\/time>\n<\/header>\n<p>Abierto el Periodo de Solicitud de Plaza para el curso 2026-2027 El plazo publicado por la Junta de Castilla y Le\u00f3n es del 17 de marzo al 8 de abril &#8230; <a class=\"mas\" href=\"https:\/\/escuelainfantilarandadeduero.es\/arandadeduero\/admision-de-solicitudes-curso-2025-2026\/\"><strong>M\u00c1S<\/strong><\/a><\/p>\n<\/div>\n<\/div>\n<\/article>\n<\/div>\n<\/div><\/div>\n\n<\/div>\n<\/section>\n<section  class=\"seccion\" style=\"background-color:#f6f7f8;\">\n<div class=\"contenedor\">\n<div class=\"fila columnas-altura\">\n\t\n<div class=\"col\">\n<div class=\"columna\">\n<div class=\"encabezado  encabezado-centrado\">\n<div class=\"encabezado-titulo\"><h2>Talleres<span style=\"color: #ff9c32;\"> gratuitos<\/span><\/h2><\/div><\/div><\/div>\n<\/div><\/div>\n\n<div class=\"fila columnas-altura\">\n\t\n<div class=\"col tres-actividades\">\n<div class=\"columna\"><div class=\"contenedor-masonry\">\n<div class=\"grid\">\n<div class=\"grid-sizer\"><\/div>\n<div class=\"em em-view-container\" id=\"em-view-1034444574\" data-view=\"list\">\r\n\t<div class=\"em pixelbones em-list em-events-list\" id=\"em-events-list-1034444574\" data-view-id=\"1034444574\">\r\n\t\n<div class=\"grid-item\">\n<article class=\"evento-lista\">\n<div class=\"evento-lista-etiquetas\"><\/div>\n<div class=\"evento-lista-fecha\">10\/04\/2026<\/div>\n<a href=\"https:\/\/escuelainfantilarandadeduero.es\/arandadeduero\/actividad\/yoga-en-familia-5\/\"><h2 class=\"evento-lista-titulo\">Yoga en familia<\/h2><\/a>\n\n<div class=\"evento-imagen imagen-enlace\">\n<a href=\"https:\/\/escuelainfantilarandadeduero.es\/arandadeduero\/actividad\/yoga-en-familia-5\/\"><img decoding=\"async\" src=\"https:\/\/escuelainfantilarandadeduero.es\/arandadeduero\/wp-content\/uploads\/2026\/03\/Yoga-en-familia-EIM-Aranda-de-Duero.jpg\"><\/a>\n<\/div>\n\n<\/article>\n<\/div>\n\n<div class=\"grid-item\">\n<article class=\"evento-lista\">\n<div class=\"evento-lista-etiquetas\"><a href=\"https:\/\/escuelainfantilarandadeduero.es\/arandadeduero\/actividad\/tipo\/taller-presencial\/\">Taller Presencial<\/a><\/div>\n<div class=\"evento-lista-fecha\">19\/02\/2026<\/div>\n<a href=\"https:\/\/escuelainfantilarandadeduero.es\/arandadeduero\/actividad\/el-neurodesarrollo-en-la-etapa-infantil\/\"><h2 class=\"evento-lista-titulo\">El Neurodesarrollo en la etapa infantil<\/h2><\/a>\n\n<div class=\"evento-imagen imagen-enlace\">\n<a href=\"https:\/\/escuelainfantilarandadeduero.es\/arandadeduero\/actividad\/el-neurodesarrollo-en-la-etapa-infantil\/\"><img decoding=\"async\" src=\"https:\/\/escuelainfantilarandadeduero.es\/arandadeduero\/wp-content\/uploads\/2026\/02\/Neurodesarrollo-Aranda-febrero26.jpg\"><\/a>\n<\/div>\n\n<\/article>\n<\/div>\n\n<div class=\"grid-item\">\n<article class=\"evento-lista\">\n<div class=\"evento-lista-etiquetas\"><a href=\"https:\/\/escuelainfantilarandadeduero.es\/arandadeduero\/actividad\/tipo\/taller-presencial\/\">Taller Presencial<\/a><\/div>\n<div class=\"evento-lista-fecha\">19\/01\/2026<\/div>\n<a href=\"https:\/\/escuelainfantilarandadeduero.es\/arandadeduero\/actividad\/primeros-auxilios-1a-sesion\/\"><h2 class=\"evento-lista-titulo\">Primeros auxilios- 1\u00aa Sesi\u00f3n<\/h2><\/a>\n\n<div class=\"evento-imagen imagen-enlace\">\n<a href=\"https:\/\/escuelainfantilarandadeduero.es\/arandadeduero\/actividad\/primeros-auxilios-1a-sesion\/\"><img decoding=\"async\" src=\"https:\/\/escuelainfantilarandadeduero.es\/arandadeduero\/wp-content\/uploads\/2025\/12\/EIM-Aranda_PPAA_-Primera-sesion-ENERO-26.jpg\"><\/a>\n<\/div>\n\n<\/article>\n<\/div>\n\t<\/div>\r\n<\/div><\/div>\n<\/div><div class=\"contenedor-boton\">\n<a href=\"https:\/\/escuelainfantilarandadeduero.es\/arandadeduero\/familias\/#talleres-escuela\" target=\"_self\" class=\"boton boton-amarillo boton-ctr\">\n\t<span>Ver m\u00e1s<\/span>\n<\/a>\n<\/div><\/div>\n<\/div><\/div>\n\n<\/div>\n<\/section>\n<section  class=\"seccion\">\n<div class=\"contenedor\">\n<div class=\"fila columnas-altura\">\n\t\n<div class=\"col ancho-50 text-ctr\">\n<div class=\"columna\"><img loading=\"lazy\" decoding=\"async\" src=\"https:\/\/escuelainfantilarandadeduero.es\/arandadeduero\/wp-content\/uploads\/2020\/02\/eim-proyecto-educativo-540x540.jpg\" alt=\"Proyecto educativo\" width=\"540\" height=\"540\" \/><\/div>\n<\/div>\n<div class=\"col ancho-50 espacio-sup-80\">\n<div class=\"columna\">\n<div class=\"encabezado \">\n<div class=\"encabezado-titulo\"><h2><span style=\"color: #c80082;\">Proyecto<\/span> <span style=\"color: #ff9c32;\">educativo<\/span><\/h2><\/div><\/div><p>Nuestra propuesta pedag\u00f3gica est\u00e1 llena de retos que tienen que ver con el desarrollo sensorial, mot\u00f3rico, social, del lenguaje, de gesti\u00f3n de los propios sentimientos, de la l\u00f3gica-matem\u00e1tica, de las experiencias en gran grupo, de las individuales y con el medio, de la creatividad a trav\u00e9s del arte abstracto\u2026..sin dejar de lado nuestro compromiso con la implicaci\u00f3n de las familias en la vida de la escuela.<\/p><p>Es un proyecto comprometido con la sociedad, que defiende la igualdad entre sexos, razas y culturas, al igual que respetuoso con el medio ambiente.<\/p><div class=\"contenedor-boton\">\n<a href=\"proyecto-educativo\" target=\"_self\" class=\"boton  \">\n\t<span>M\u00e1s informaci\u00f3n<\/span>\n<\/a>\n<\/div><\/div>\n<\/div><\/div>\n\n<\/div>\n<\/section>\n<section  class=\"seccion\" style=\"background-image:url(https:\/\/escuelainfantilarandadeduero.es\/arandadeduero\/wp-content\/uploads\/2019\/12\/fd-inicio-instalaciones.jpg);\">\n<div class=\"contenedor\">\n<div class=\"fila columnas-altura\">\n\t\n<div class=\"col ancho-50 espacio-sup-40\">\n<div class=\"columna\">\n<div class=\"encabezado \">\n<div class=\"encabezado-titulo\"><h2>Instalaciones<\/h2><\/div><div class=\"encabezado-subtitulo\">Mobiliario y material adaptado y seguro<\/div>\n<\/div><h4>UNIDAD 1<\/h4><ul class=\"lista\">\n<li>1 Aula para alumnado de 0 a 1 a\u00f1os con 8 plazas<\/li>\n<li>1 Aula para alumnado de 1 a 2 a\u00f1os con 10 plazas<\/li>\n<\/ul>\n\n\t<div class=\"separador-espacio\" style=\"padding-top: 20px;\"><\/div>\n<h4>UNIDAD 2<\/h4><ul class=\"lista\">\n<li>1 Aula para alumnado de 2 a 3 a\u00f1os con 15 plazas<\/li>\n<\/ul>\n<div class=\"contenedor-boton  boton-fila\">\n<a href=\"escuela\" target=\"_self\" class=\"boton boton-magenta \">\n\t<span>Ver galer\u00eda<\/span>\n<\/a>\n<\/div><\/div>\n<\/div>\n<div class=\"col ancho-50 text-ctr\">\n<div class=\"columna\"><img loading=\"lazy\" decoding=\"async\" src=\"https:\/\/escuelainfantilarandadeduero.es\/arandadeduero\/wp-content\/uploads\/2020\/02\/eim-instalaciones-540x540.png\" alt=\"Instalaciones\" width=\"540\" height=\"540\" \/><\/div>\n<\/div><\/div>\n\n<\/div>\n<\/section>\n<section  class=\"seccion negativo inicio-comedor\" style=\"background-color:#ff9c32;background-image:url(https:\/\/escuelainfantilarandadeduero.es\/arandadeduero\/wp-content\/uploads\/2019\/12\/fd-inicio-comedor.jpg);\">\n<div class=\"contenedor\">\n<div class=\"fila columnas-altura\">\n\t\n<div class=\"col ancho-50 text-ctr\">\n<div class=\"columna\"><img loading=\"lazy\" decoding=\"async\" src=\"https:\/\/escuelainfantilarandadeduero.es\/arandadeduero\/wp-content\/uploads\/2020\/02\/eim-servicio-comedor-600x600.png\" alt=\"Comedor\" width=\"600\" height=\"600\" \/><\/div>\n<\/div>\n<div class=\"col ancho-50 espacio-sup-120\">\n<div class=\"columna\">\n<div class=\"encabezado \">\n<div class=\"encabezado-titulo\"><h2>Servicio de comedor<\/h2><\/div><div class=\"encabezado-subtitulo\">Cocina propia | Men\u00fas personalizados<\/div>\n<\/div><p>La Escuela Infantil Municipal de Aranda de Duero dispone de cocina propia, donde se elaboran diariamente los men\u00fas personalizados, ofreciendo una alimentaci\u00f3n equilibrada y saludable para nuestros alumnos.<\/p><div class=\"contenedor-boton\">\n<a href=\"comedor\" target=\"_self\" class=\"boton  \">\n\t<span>M\u00e1s informaci\u00f3n<\/span>\n<\/a>\n<\/div><\/div>\n<\/div><\/div>\n\n<\/div>\n<\/section>\n<section  class=\"seccion\">\n<div class=\"contenedor\">\n<div class=\"fila columnas-altura\">\n\t\n<div class=\"col\">\n<div class=\"columna\">\n<div class=\"encabezado  encabezado-centrado\">\n<div class=\"encabezado-titulo\"><h2>Nuestro equipo<\/h2><\/div><\/div>\n\t<div class=\"separador-espacio\" style=\"padding-top: 40px;\"><\/div>\n<\/div>\n<\/div><\/div>\n\n<div class=\"fila columnas-altura\">\n\t\n<div class=\"col ancho-25\">\n<div class=\"columna\"><div class=\"equipo\">\n\t<div class=\"equipo-imagen\"><img decoding=\"async\" src=\"\/\/escuelainfantilarandadeduero.es\/arandadeduero\/wp-content\/uploads\/2026\/02\/LAURA-ROMERA-GARCIA.jpg\" alt=\"Laura Romera Garc\u00eda\"\/><\/div>\n\t<div class=\"equipo-contenedor\">\n\t\t<div class=\"equipo-nombre\">\n\t\t\t<h3>Laura Romera Garc\u00eda<\/h3>\n\t\t\t<span>Maestra<\/span>\n\t\t<\/div>\n\t\t<div class=\"equipo-texto\">\n\t\t\t<p><\/p>\n\t\t<\/div>\n\t<\/div>\n<\/div><\/div>\n<\/div>\n<div class=\"col ancho-25\">\n<div class=\"columna\"><div class=\"equipo\">\n\t<div class=\"equipo-imagen\"><img decoding=\"async\" src=\"\/\/escuelainfantilarandadeduero.es\/arandadeduero\/wp-content\/uploads\/2023\/03\/Infantil-Municipal-Noelia-2023.jpg\" alt=\"Noelia Garc\u00eda Esteban \"\/><\/div>\n\t<div class=\"equipo-contenedor\">\n\t\t<div class=\"equipo-nombre\">\n\t\t\t<h3 style=\"color:#ff9c32;\">Noelia Garc\u00eda Esteban <\/h3>\n\t\t\t<span>Educadora<\/span>\n\t\t<\/div>\n\t\t<div class=\"equipo-texto\">\n\t\t\t<p><\/p>\n\t\t<\/div>\n\t<\/div>\n<\/div><\/div>\n<\/div>\n<div class=\"col ancho-25\">\n<div class=\"columna\"><div class=\"equipo\">\n\t<div class=\"equipo-imagen\"><img decoding=\"async\" src=\"\/\/escuelainfantilarandadeduero.es\/arandadeduero\/wp-content\/uploads\/2023\/03\/Infantil-Municipal-Esther-2023.jpg\" alt=\"M\u00aa Esther Bartolom\u00e9 Cantera \"\/><\/div>\n\t<div class=\"equipo-contenedor\">\n\t\t<div class=\"equipo-nombre\">\n\t\t\t<h3 style=\"color:#d7377d;\">M\u00aa Esther Bartolom\u00e9 Cantera <\/h3>\n\t\t\t<span>Educadora<\/span>\n\t\t<\/div>\n\t\t<div class=\"equipo-texto\">\n\t\t\t<p><\/p>\n\t\t<\/div>\n\t<\/div>\n<\/div><\/div>\n<\/div>\n<div class=\"col ancho-25\">\n<div class=\"columna\"><div class=\"equipo\">\n\t<div class=\"equipo-imagen\"><img decoding=\"async\" src=\"\/\/escuelainfantilarandadeduero.es\/arandadeduero\/wp-content\/uploads\/2019\/12\/Infantil-Municipal-Maria-Laura-Esteban-Esteban-EDUCADORA.jpg\" alt=\"Mar\u00eda Laura Esteban\"\/><\/div>\n\t<div class=\"equipo-contenedor\">\n\t\t<div class=\"equipo-nombre\">\n\t\t\t<h3>Mar\u00eda Laura Esteban<\/h3>\n\t\t\t<span>Educadora<\/span>\n\t\t<\/div>\n\t\t<div class=\"equipo-texto\">\n\t\t\t<p><\/p>\n\t\t<\/div>\n\t<\/div>\n<\/div><\/div>\n<\/div><\/div>\n\n<div class=\"fila columnas-altura\">\n\t\n<div class=\"col ancho-25\">\n<div class=\"columna\"><\/div>\n<\/div>\n<div class=\"col ancho-25\">\n<div class=\"columna\"><div class=\"equipo\">\n\t<div class=\"equipo-imagen\"><img decoding=\"async\" src=\"\/\/escuelainfantilarandadeduero.es\/arandadeduero\/wp-content\/uploads\/2025\/02\/educadore-ingles.jpg\" alt=\"Laura Sanz Pascual\"\/><\/div>\n\t<div class=\"equipo-contenedor\">\n\t\t<div class=\"equipo-nombre\">\n\t\t\t<h3 style=\"color:#ff9c32;\">Laura Sanz Pascual<\/h3>\n\t\t\t<span>Educadora ingl\u00e9s<\/span>\n\t\t<\/div>\n\t\t<div class=\"equipo-texto\">\n\t\t\t<p><\/p>\n\t\t<\/div>\n\t<\/div>\n<\/div><\/div>\n<\/div>\n<div class=\"col ancho-25\">\n<div class=\"columna\"><div class=\"equipo\">\n\t<div class=\"equipo-imagen\"><img decoding=\"async\" src=\"\/\/escuelainfantilarandadeduero.es\/arandadeduero\/wp-content\/uploads\/2019\/12\/Infantil-Municipal-Loreto-Zamarro-Mun\u0303oz-COCINERA.jpg\" alt=\"Loreto Zamarro Mu\u00f1oz\"\/><\/div>\n\t<div class=\"equipo-contenedor\">\n\t\t<div class=\"equipo-nombre\">\n\t\t\t<h3 style=\"color:#d7377d;\">Loreto Zamarro Mu\u00f1oz<\/h3>\n\t\t\t<span>Educadora<\/span>\n\t\t<\/div>\n\t\t<div class=\"equipo-texto\">\n\t\t\t<p><\/p>\n\t\t<\/div>\n\t<\/div>\n<\/div><\/div>\n<\/div><\/div>\n\n<div class=\"fila columnas-altura\">\n\t\n<div class=\"col\">\n<div class=\"columna\"><div class=\"contenedor-boton\">\n<a href=\"equipo\" target=\"_self\" class=\"boton boton-magenta boton-ctr\">\n\t<span>M\u00e1s informaci\u00f3n<\/span>\n<\/a>\n<\/div><\/div>\n<\/div><\/div>\n\n<\/div>\n<\/section><\/p>\n","protected":false},"excerpt":{"rendered":"<p>Abierto el Periodo de Solicitud de Plaza para el curso 2026-2027 El plazo publicado por la Junta de Castilla y Le\u00f3n es del 17 de marzo al 8 de abril &#8230; <a class=\"mas\" href=\"https:\/\/escuelainfantilarandadeduero.es\/arandadeduero\/admision-de-solicitudes-curso-2025-2026\/\"><strong>M\u00c1S<\/strong><\/a><\/p>\n","protected":false},"author":1,"featured_media":0,"parent":0,"menu_order":1,"comment_status":"closed","ping_status":"closed","template":"","meta":{"footnotes":""},"class_list":["post-6","page","type-page","status-publish","hentry"],"_links":{"self":[{"href":"https:\/\/escuelainfantilarandadeduero.es\/arandadeduero\/wp-json\/wp\/v2\/pages\/6","targetHints":{"allow":["GET"]}}],"collection":[{"href":"https:\/\/escuelainfantilarandadeduero.es\/arandadeduero\/wp-json\/wp\/v2\/pages"}],"about":[{"href":"https:\/\/escuelainfantilarandadeduero.es\/arandadeduero\/wp-json\/wp\/v2\/types\/page"}],"author":[{"embeddable":true,"href":"https:\/\/escuelainfantilarandadeduero.es\/arandadeduero\/wp-json\/wp\/v2\/users\/1"}],"replies":[{"embeddable":true,"href":"https:\/\/escuelainfantilarandadeduero.es\/arandadeduero\/wp-json\/wp\/v2\/comments?post=6"}],"version-history":[{"count":117,"href":"https:\/\/escuelainfantilarandadeduero.es\/arandadeduero\/wp-json\/wp\/v2\/pages\/6\/revisions"}],"predecessor-version":[{"id":2001,"href":"https:\/\/escuelainfantilarandadeduero.es\/arandadeduero\/wp-json\/wp\/v2\/pages\/6\/revisions\/2001"}],"wp:attachment":[{"href":"https:\/\/escuelainfantilarandadeduero.es\/arandadeduero\/wp-json\/wp\/v2\/media?parent=6"}],"curies":[{"name":"wp","href":"https:\/\/api.w.org\/{rel}","templated":true}]}}