{"id":62,"date":"2019-11-26T13:00:09","date_gmt":"2019-11-26T12:00:09","guid":{"rendered":"https:\/\/escuelainfantilarandadeduero.es\/arandadeduero\/testw2019\/?page_id=62"},"modified":"2020-02-13T10:36:37","modified_gmt":"2020-02-13T09:36:37","slug":"politica-de-cookies","status":"publish","type":"page","link":"https:\/\/escuelainfantilarandadeduero.es\/arandadeduero\/politica-de-cookies\/","title":{"rendered":"Pol\u00edtica de Cookies"},"content":{"rendered":"\n<section  class=\"seccion\">\n<div class=\"contenedor\">\n<div class=\"fila columnas-altura\">\n\t\n<div class=\"col\">\n<div class=\"columna\"><div class=\"sh-output-html\">\r\n\t<h3><strong>INTRODUCCI\u00d3N<\/strong><\/h3><p>El editor de la p\u00e1gina <a href=\"https:\/\/escuelainfantilarandadeduero.es\/arandadeduero\">escuelainfantilarandadeduero.es<\/a> es KOALA SOLUCIONES EDUCATIVAS S.A.<\/p><p>KOALA SOLUCIONES EDUCATIVAS S.A., en cumplimiento del art\u00edculo 22 de la Ley 34\/2002, de 11 de julio, de servicios de la sociedad de la informaci\u00f3n y de comercio electr\u00f3nico, facilita a los Usuarios informaci\u00f3n relativa a las cookies, qu\u00e9 son las cookies, qu\u00e9 tipos de cookies se instalan en el ordenador (en adelante \u201cequipo\u201d) del Usuario cuando este visita nuestro sitio, y cu\u00e1l es la finalidad del uso de las cookies.<\/p><h3><strong>\u00bfQU\u00c9 SON LAS COOKIES?<\/strong><\/h3><p>Una \u201ccookie\u201d es un elemento de datos que un sitio Web puede enviar a su explorador y que puede que se almacene en su sistema.<\/p><p>Una cookie es un peque\u00f1o archivo de texto que un proveedor de servicios en l\u00ednea (como <a href=\"https:\/\/escuelainfantilarandadeduero.es\/arandadeduero\">escuelainfantilarandadeduero.es<\/a>) instala en el equipo de las personas que visitan su sitio web. Las cookies pueden recabar informaci\u00f3n sobre los h\u00e1bitos de los visitantes por lo que respecta al uso de dicho sitio web registrando las actividades de su equipo en relaci\u00f3n con dicho sitio, por ejemplo, cuando realiza compras.<\/p><p>Las cookies utilizadas son fundamentalmente para optimizar el funcionamiento del sitio web. Las cookies generadas cuando un Usuario visita solamente nuestro sitio no nos permiten identificarlo personalmente<\/p><h3><strong>TIPOS DE COOKIES<\/strong><\/h3><p>La informaci\u00f3n que le proporcionamos a continuaci\u00f3n, le ayudar\u00e1 a comprender los diferentes tipos de cookies:<\/p><h4><strong>Seg\u00fan el plazo de tiempo que permanecen activadas:<\/strong><\/h4><h5><strong>Cookies de sesi\u00f3n<\/strong><\/h5><p>Son cookies temporales que permanecen en el archivo de cookies de su navegador hasta que abandone la p\u00e1gina web, por lo que ninguna queda registrada en el equipo del Usuario. La informaci\u00f3n obtenida por medio de estas cookies, sirven para analizar pautas de tr\u00e1fico en la web. Por ejemplo, permiten llevar a cabo un seguimiento del uso que se realiza de nuestros sitios durante una sesi\u00f3n de navegaci\u00f3n \u00fanica y ayudan a utilizar nuestro sitio de forma m\u00e1s eficaz<\/p><h5><strong>Cookies persistentes<\/strong><\/h5><p>Son almacenadas en el equipo del Usuario durante una sesi\u00f3n de navegaci\u00f3n y permanecen en el equipo al finalizar la sesi\u00f3n de navegaci\u00f3n. Las cookies persistentes se mantienen activas durante per\u00edodos definidos que pueden ir entre varios minutos a a\u00f1os.<\/p><h4><strong>Seg\u00fan la entidad que las gestione<\/strong><\/h4><h5><strong>Cookies propias<\/strong><\/h5><p>Son aqu\u00e9llas que se env\u00edan al equipo del usuario desde un equipo o dominio gestionado por el propio editor y desde el que se presta el servicio solicitado por el usuario.<\/p><p>Pueden incluir cookies como cookies de sesi\u00f3n y cookies persistentes. Utilizamos las cookies de origen para seguir los movimientos efectuados desde el ordenador u otro dispositivo del Usuario al consultar nuestro sitio, por ejemplo, con fines de comercializaci\u00f3n y an\u00e1lisis.<\/p><h5><strong>Cookies de terceros<\/strong><\/h5><p>Son aqu\u00e9llas que se env\u00edan al equipo del usuario desde un equipo o dominio que no es gestionado por el editor, sino por otra entidad que trata los datos obtenidos trav\u00e9s de las cookies, como por ejemplo, las usadas en redes sociales, o por complementos externos de contenido como google maps.<\/p><h3><strong>RELACI\u00d3N Y DESCRIPCI\u00d3N DE COOKIES<\/strong><\/h3><p>A continuaci\u00f3n se proporciona informaci\u00f3n m\u00e1s detallada sobre las cookies que se instalan en el equipo del Usuario al visitar nuestro sitio:<\/p><p class=\"CookieDeclarationDialogText\">Esta p\u00e1gina web usa cookies. Utilizamos cookies propias o de terceros para mejorar nuestros servicios y su funcionamiento, as\u00ed como para conocer informaci\u00f3n estad\u00edstica.<br \/>Si contin\u00faa con la navegaci\u00f3n est\u00e1 aceptando el uso de todas las cookies, no obstante, puede configurar o rechazar de forma personalizada su uso pulsando \u201cConfiguraciones\u201d. Para m\u00e1s informaci\u00f3n, puede consultar nuestra <a href=\"https:\/\/escuelainfantilarandadeduero.es\/arandadeduero\/politica-de-cookies\/\" target=\"_blank\" rel=\"noopener\">Pol\u00edtica de Cookies<\/a>.<\/p><p class=\"CookieDeclarationIntro\">Las cookies son peque\u00f1os archivos de texto que las p\u00e1ginas web pueden utilizar para hacer m\u00e1s eficiente la experiencia del usuario.<\/p><p>La ley afirma que podemos almacenar cookies en su dispositivo si son estrictamente necesarias para el funcionamiento de esta p\u00e1gina. Para todos los dem\u00e1s tipos de cookies necesitamos su permiso.<\/p><p>Esta p\u00e1gina utiliza tipos diferentes de cookies. Algunas cookies son colocadas por servicios de terceros que aparecen en nuestras p\u00e1ginas.<\/p><p>En cualquier momento puede cambiar o retirar su consentimiento desde la Declaraci\u00f3n de cookies en nuestro sitio web.<\/p>\n<p>Obtenga m\u00e1s informaci\u00f3n sobre qui\u00e9nes somos, c\u00f3mo puede contactarnos y c\u00f3mo procesamos los datos personales en nuestra <a href=\"https:\/\/escuelainfantilarandadeduero.es\/arandadeduero\/proteccion-de-datos\/\" target=\"_blank\">Pol\u00edtica de protecci\u00f3n de datos<\/a>.<\/p>\n<p>Su consentimiento se aplica a los siguientes dominios: escuelainfantilarandadeduero.es<\/p>\n<script id=\"CookieDeclaration\" src=\"https:\/\/consent.cookiebot.com\/a375bff9-0f59-4de1-b4c4-6e9b1b004a6c\/cd.js\" type=\"text\/javascript\" async><\/script>\n<br>\n<h4><strong>\u00bfAlguna pregunta?<\/strong><\/h4><p>Si el Usuario tiene alguna pregunta, no debe dudar en ponerse en contacto con nosotros.<\/p><\/div>\r\n<\/div>\n<\/div><\/div>\n\n<\/div>\n<\/section>\n","protected":false},"excerpt":{"rendered":"<p>INTRODUCCI\u00d3NEl editor de la p\u00e1gina escuelainfantilarandadeduero.es es KOALA SOLUCIONES EDUCATIVAS S.A.KOALA SOLUCIONES EDUCATIVAS S.A., en cumplimiento del art\u00edculo 22 de la Ley 34\/2002, de 11 de julio, de servicios de &#8230; <a class=\"mas\" href=\"https:\/\/escuelainfantilarandadeduero.es\/arandadeduero\/politica-de-cookies\/\"><strong>M\u00c1S<\/strong><\/a><\/p>\n","protected":false},"author":1,"featured_media":746,"parent":0,"menu_order":102,"comment_status":"closed","ping_status":"closed","template":"","meta":{"footnotes":""},"class_list":["post-62","page","type-page","status-publish","has-post-thumbnail","hentry"],"_links":{"self":[{"href":"https:\/\/escuelainfantilarandadeduero.es\/arandadeduero\/wp-json\/wp\/v2\/pages\/62","targetHints":{"allow":["GET"]}}],"collection":[{"href":"https:\/\/escuelainfantilarandadeduero.es\/arandadeduero\/wp-json\/wp\/v2\/pages"}],"about":[{"href":"https:\/\/escuelainfantilarandadeduero.es\/arandadeduero\/wp-json\/wp\/v2\/types\/page"}],"author":[{"embeddable":true,"href":"https:\/\/escuelainfantilarandadeduero.es\/arandadeduero\/wp-json\/wp\/v2\/users\/1"}],"replies":[{"embeddable":true,"href":"https:\/\/escuelainfantilarandadeduero.es\/arandadeduero\/wp-json\/wp\/v2\/comments?post=62"}],"version-history":[{"count":19,"href":"https:\/\/escuelainfantilarandadeduero.es\/arandadeduero\/wp-json\/wp\/v2\/pages\/62\/revisions"}],"predecessor-version":[{"id":839,"href":"https:\/\/escuelainfantilarandadeduero.es\/arandadeduero\/wp-json\/wp\/v2\/pages\/62\/revisions\/839"}],"wp:featuredmedia":[{"embeddable":true,"href":"https:\/\/escuelainfantilarandadeduero.es\/arandadeduero\/wp-json\/wp\/v2\/media\/746"}],"wp:attachment":[{"href":"https:\/\/escuelainfantilarandadeduero.es\/arandadeduero\/wp-json\/wp\/v2\/media?parent=62"}],"curies":[{"name":"wp","href":"https:\/\/api.w.org\/{rel}","templated":true}]}}